{"id":95,"date":"2018-02-01T12:27:27","date_gmt":"2018-02-01T12:27:27","guid":{"rendered":"http:\/\/szpitalpinczow.pl\/?page_id=95"},"modified":"2024-04-05T07:04:11","modified_gmt":"2024-04-05T07:04:11","slug":"izba-przyjec","status":"publish","type":"page","link":"https:\/\/szpitalpinczow.pl\/?page_id=95","title":{"rendered":"Izba Przyj\u0119\u0107"},"content":{"rendered":"<p align=\"center\"><strong>Zesp\u00f3\u0142 Opieki Zdrowotnej w Pi\u0144czowie uprzejmie informuje, \u017ce obowi\u0105zkiem lekarza rodzinnego jest przyjmowanie pacjent\u00f3w <\/strong><\/p>\n<p align=\"center\"><strong>od poniedzia\u0142ku do pi\u0105tku w godzinach 8.00 \u2013 18.00.<\/strong><\/p>\n<p align=\"center\"><strong>REJESTRACJA PRZYCHODNI LEKARZA RODZINNEGO (POZ) NIE MO\u017bE ODM\u00d3WI\u0106 REJESTRACJI W DANYM DNIU BEZ WCZE\u015aNIEJSZEJ OCENY STANU ZDROWIA PACJENTA PRZEZ LEKARZA.<\/strong><\/p>\n<p><strong>Kierownik: <\/strong>lek. med. <strong>Bo\u017cena Nowakowska<\/strong><\/p>\n<p><strong>Kierownik:<\/strong> Piotr Kowal &#8211; Specjalista w dziedzinie anestezjologii i intensywnej terapii<\/p>\n<p><strong>Piel\u0119gniarka Oddzia\u0142owa:<\/strong> mgr piel\u0119gniarstwa <strong>Jadwiga Makuch<\/strong><\/p>\n<p>tel. 41 357 30 31 wew:<\/p>\n<p>Dy\u017curka piel\u0119gniarska: 100, 102, 103, 104<\/p>\n<p>Piel\u0119gniarka oddzia\u0142owa: 400<\/p>\n","protected":false},"excerpt":{"rendered":"<p>Zesp\u00f3\u0142 Opieki Zdrowotnej w Pi\u0144czowie uprzejmie informuje, \u017ce obowi\u0105zkiem lekarza rodzinnego jest przyjmowanie pacjent\u00f3w od poniedzia\u0142ku do pi\u0105tku w godzinach 8.00 \u2013 18.00. REJESTRACJA PRZYCHODNI LEKARZA RODZINNEGO (POZ) NIE MO\u017bE ODM\u00d3WI\u0106 REJESTRACJI W DANYM DNIU BEZ WCZE\u015aNIEJSZEJ OCENY STANU ZDROWIA&hellip;&nbsp;<a href=\"https:\/\/szpitalpinczow.pl\/?page_id=95\" class=\"more-link\">Read More<\/a><\/p>\n","protected":false},"author":1,"featured_media":0,"parent":0,"menu_order":0,"comment_status":"closed","ping_status":"closed","template":"","meta":[],"_links":{"self":[{"href":"https:\/\/szpitalpinczow.pl\/index.php?rest_route=\/wp\/v2\/pages\/95"}],"collection":[{"href":"https:\/\/szpitalpinczow.pl\/index.php?rest_route=\/wp\/v2\/pages"}],"about":[{"href":"https:\/\/szpitalpinczow.pl\/index.php?rest_route=\/wp\/v2\/types\/page"}],"author":[{"embeddable":true,"href":"https:\/\/szpitalpinczow.pl\/index.php?rest_route=\/wp\/v2\/users\/1"}],"replies":[{"embeddable":true,"href":"https:\/\/szpitalpinczow.pl\/index.php?rest_route=%2Fwp%2Fv2%2Fcomments&post=95"}],"version-history":[{"count":5,"href":"https:\/\/szpitalpinczow.pl\/index.php?rest_route=\/wp\/v2\/pages\/95\/revisions"}],"predecessor-version":[{"id":1862,"href":"https:\/\/szpitalpinczow.pl\/index.php?rest_route=\/wp\/v2\/pages\/95\/revisions\/1862"}],"wp:attachment":[{"href":"https:\/\/szpitalpinczow.pl\/index.php?rest_route=%2Fwp%2Fv2%2Fmedia&parent=95"}],"curies":[{"name":"wp","href":"https:\/\/api.w.org\/{rel}","templated":true}]}}