{"id":5430,"date":"2026-05-13T11:54:15","date_gmt":"2026-05-13T11:54:15","guid":{"rendered":"https:\/\/szpitalpinczow.pl\/?page_id=5430"},"modified":"2026-05-13T11:54:15","modified_gmt":"2026-05-13T11:54:15","slug":"miedzynarodowy-dzien-pielegniarek-i-poloznych-2","status":"publish","type":"page","link":"https:\/\/szpitalpinczow.pl\/?page_id=5430","title":{"rendered":"Mi\u0119dzynarodowy Dzie\u0144 Piel\u0119gniarek i Po\u0142o\u017cnych"},"content":{"rendered":"\n<p>12 maja obchodzili\u015bmy Mi\u0119dzynarodowy Dzie\u0144 Piel\u0119gniarek i Po\u0142o\u017cnych \u2013 wyj\u0105tkowe \u015bwi\u0119to os\u00f3b, kt\u00f3re ka\u017cdego dnia z ogromnym zaanga\u017cowaniem, trosk\u0105 i empati\u0105 dbaj\u0105 o zdrowie oraz bezpiecze\u0144stwo pacjent\u00f3w.<\/p>\n\n\n\n<p>Poni\u017cej zdj\u0119cia z wczorajszego dnia<\/p>\n\n\n\n<figure class=\"wp-block-image size-large\"><img data-attachment-id=\"5431\" data-permalink=\"https:\/\/szpitalpinczow.pl\/?attachment_id=5431\" data-orig-file=\"https:\/\/i2.wp.com\/szpitalpinczow.pl\/wp-content\/uploads\/2026\/05\/IMG_20260513_112241-scaled.jpg?fit=1920%2C2560&amp;ssl=1\" data-orig-size=\"1920,2560\" data-comments-opened=\"1\" data-image-meta=\"{&quot;aperture&quot;:&quot;0&quot;,&quot;credit&quot;:&quot;&quot;,&quot;camera&quot;:&quot;&quot;,&quot;caption&quot;:&quot;&quot;,&quot;created_timestamp&quot;:&quot;0&quot;,&quot;copyright&quot;:&quot;&quot;,&quot;focal_length&quot;:&quot;0&quot;,&quot;iso&quot;:&quot;0&quot;,&quot;shutter_speed&quot;:&quot;0&quot;,&quot;title&quot;:&quot;&quot;,&quot;orientation&quot;:&quot;0&quot;}\" data-image-title=\"IMG_20260513_112241\" data-image-description=\"\" data-medium-file=\"https:\/\/i2.wp.com\/szpitalpinczow.pl\/wp-content\/uploads\/2026\/05\/IMG_20260513_112241-scaled.jpg?fit=225%2C300&amp;ssl=1\" data-large-file=\"https:\/\/i2.wp.com\/szpitalpinczow.pl\/wp-content\/uploads\/2026\/05\/IMG_20260513_112241-scaled.jpg?fit=640%2C853&amp;ssl=1\" decoding=\"async\" loading=\"lazy\" width=\"1920\" height=\"2560\" src=\"https:\/\/i2.wp.com\/szpitalpinczow.pl\/wp-content\/uploads\/2026\/05\/IMG_20260513_112241-scaled.jpg?fit=640%2C853&amp;ssl=1\" alt=\"\" class=\"wp-image-5431\" srcset=\"https:\/\/i2.wp.com\/szpitalpinczow.pl\/wp-content\/uploads\/2026\/05\/IMG_20260513_112241-scaled.jpg?w=1920&amp;ssl=1 1920w, https:\/\/i2.wp.com\/szpitalpinczow.pl\/wp-content\/uploads\/2026\/05\/IMG_20260513_112241-scaled.jpg?resize=225%2C300&amp;ssl=1 225w, https:\/\/i2.wp.com\/szpitalpinczow.pl\/wp-content\/uploads\/2026\/05\/IMG_20260513_112241-scaled.jpg?resize=768%2C1024&amp;ssl=1 768w, https:\/\/i2.wp.com\/szpitalpinczow.pl\/wp-content\/uploads\/2026\/05\/IMG_20260513_112241-scaled.jpg?resize=1152%2C1536&amp;ssl=1 1152w, https:\/\/i2.wp.com\/szpitalpinczow.pl\/wp-content\/uploads\/2026\/05\/IMG_20260513_112241-scaled.jpg?resize=1536%2C2048&amp;ssl=1 1536w, https:\/\/i2.wp.com\/szpitalpinczow.pl\/wp-content\/uploads\/2026\/05\/IMG_20260513_112241-scaled.jpg?resize=203%2C270&amp;ssl=1 203w, https:\/\/i2.wp.com\/szpitalpinczow.pl\/wp-content\/uploads\/2026\/05\/IMG_20260513_112241-scaled.jpg?w=1280 1280w\" sizes=\"(max-width: 640px) 100vw, 640px\" \/><\/figure>\n","protected":false},"excerpt":{"rendered":"<p>12 maja obchodzili\u015bmy Mi\u0119dzynarodowy Dzie\u0144 Piel\u0119gniarek i Po\u0142o\u017cnych \u2013 wyj\u0105tkowe \u015bwi\u0119to os\u00f3b, kt\u00f3re ka\u017cdego dnia z ogromnym zaanga\u017cowaniem, trosk\u0105 i empati\u0105 dbaj\u0105 o zdrowie oraz bezpiecze\u0144stwo pacjent\u00f3w. Poni\u017cej zdj\u0119cia z wczorajszego dnia<\/p>\n","protected":false},"author":1,"featured_media":0,"parent":0,"menu_order":0,"comment_status":"closed","ping_status":"closed","template":"","meta":[],"_links":{"self":[{"href":"https:\/\/szpitalpinczow.pl\/index.php?rest_route=\/wp\/v2\/pages\/5430"}],"collection":[{"href":"https:\/\/szpitalpinczow.pl\/index.php?rest_route=\/wp\/v2\/pages"}],"about":[{"href":"https:\/\/szpitalpinczow.pl\/index.php?rest_route=\/wp\/v2\/types\/page"}],"author":[{"embeddable":true,"href":"https:\/\/szpitalpinczow.pl\/index.php?rest_route=\/wp\/v2\/users\/1"}],"replies":[{"embeddable":true,"href":"https:\/\/szpitalpinczow.pl\/index.php?rest_route=%2Fwp%2Fv2%2Fcomments&post=5430"}],"version-history":[{"count":1,"href":"https:\/\/szpitalpinczow.pl\/index.php?rest_route=\/wp\/v2\/pages\/5430\/revisions"}],"predecessor-version":[{"id":5432,"href":"https:\/\/szpitalpinczow.pl\/index.php?rest_route=\/wp\/v2\/pages\/5430\/revisions\/5432"}],"wp:attachment":[{"href":"https:\/\/szpitalpinczow.pl\/index.php?rest_route=%2Fwp%2Fv2%2Fmedia&parent=5430"}],"curies":[{"name":"wp","href":"https:\/\/api.w.org\/{rel}","templated":true}]}}