{"id":2163,"date":"2024-06-03T05:47:17","date_gmt":"2024-06-03T05:47:17","guid":{"rendered":"https:\/\/szpitalpinczow.pl\/?page_id=2163"},"modified":"2024-06-03T05:47:17","modified_gmt":"2024-06-03T05:47:17","slug":"poradnia-okulistyczna","status":"publish","type":"page","link":"https:\/\/szpitalpinczow.pl\/?page_id=2163","title":{"rendered":"Poradnia Okulistyczna"},"content":{"rendered":"\n<p>Poradnia Okulistyczna obecnie przyjmuje w Pi\u0144czowie pod adresem Genera\u0142a W\u0142adys\u0142awa Sikorskiego 2C<\/p>\n","protected":false},"excerpt":{"rendered":"<p>Poradnia Okulistyczna obecnie przyjmuje w Pi\u0144czowie pod adresem Genera\u0142a W\u0142adys\u0142awa Sikorskiego 2C<\/p>\n","protected":false},"author":1,"featured_media":0,"parent":0,"menu_order":0,"comment_status":"closed","ping_status":"closed","template":"","meta":[],"_links":{"self":[{"href":"https:\/\/szpitalpinczow.pl\/index.php?rest_route=\/wp\/v2\/pages\/2163"}],"collection":[{"href":"https:\/\/szpitalpinczow.pl\/index.php?rest_route=\/wp\/v2\/pages"}],"about":[{"href":"https:\/\/szpitalpinczow.pl\/index.php?rest_route=\/wp\/v2\/types\/page"}],"author":[{"embeddable":true,"href":"https:\/\/szpitalpinczow.pl\/index.php?rest_route=\/wp\/v2\/users\/1"}],"replies":[{"embeddable":true,"href":"https:\/\/szpitalpinczow.pl\/index.php?rest_route=%2Fwp%2Fv2%2Fcomments&post=2163"}],"version-history":[{"count":1,"href":"https:\/\/szpitalpinczow.pl\/index.php?rest_route=\/wp\/v2\/pages\/2163\/revisions"}],"predecessor-version":[{"id":2164,"href":"https:\/\/szpitalpinczow.pl\/index.php?rest_route=\/wp\/v2\/pages\/2163\/revisions\/2164"}],"wp:attachment":[{"href":"https:\/\/szpitalpinczow.pl\/index.php?rest_route=%2Fwp%2Fv2%2Fmedia&parent=2163"}],"curies":[{"name":"wp","href":"https:\/\/api.w.org\/{rel}","templated":true}]}}