{"id":2050,"date":"2024-05-10T10:32:55","date_gmt":"2024-05-10T10:32:55","guid":{"rendered":"https:\/\/szpitalpinczow.pl\/?page_id=2050"},"modified":"2024-05-10T10:35:46","modified_gmt":"2024-05-10T10:35:46","slug":"zyczenia-z-okazji-miedzynarodowego-dnia-pielegniarek","status":"publish","type":"page","link":"https:\/\/szpitalpinczow.pl\/?page_id=2050","title":{"rendered":"\u017byczenia z okazji Mi\u0119dzynarodowego Dnia Piel\u0119gniarek"},"content":{"rendered":"\n<p>ZOZ w Pi\u0144czowie sk\u0142ada najserdeczniejsze \u017cyczenia wszystkim piel\u0119gniarkom z okazji Mi\u0119dzynarodowego Dnia Piel\u0119gniarek<\/p>\n\n\n\n<figure class=\"wp-block-image size-full\"><img data-attachment-id=\"2051\" data-permalink=\"https:\/\/szpitalpinczow.pl\/?attachment_id=2051\" data-orig-file=\"https:\/\/i2.wp.com\/szpitalpinczow.pl\/wp-content\/uploads\/2024\/05\/akt_piel2-637x400-1.jpg?fit=637%2C400&amp;ssl=1\" data-orig-size=\"637,400\" data-comments-opened=\"1\" data-image-meta=\"{&quot;aperture&quot;:&quot;0&quot;,&quot;credit&quot;:&quot;&quot;,&quot;camera&quot;:&quot;&quot;,&quot;caption&quot;:&quot;&quot;,&quot;created_timestamp&quot;:&quot;0&quot;,&quot;copyright&quot;:&quot;&quot;,&quot;focal_length&quot;:&quot;0&quot;,&quot;iso&quot;:&quot;0&quot;,&quot;shutter_speed&quot;:&quot;0&quot;,&quot;title&quot;:&quot;&quot;,&quot;orientation&quot;:&quot;0&quot;}\" data-image-title=\"akt_piel2-637&#215;400-1\" data-image-description=\"\" data-medium-file=\"https:\/\/i2.wp.com\/szpitalpinczow.pl\/wp-content\/uploads\/2024\/05\/akt_piel2-637x400-1.jpg?fit=300%2C188&amp;ssl=1\" data-large-file=\"https:\/\/i2.wp.com\/szpitalpinczow.pl\/wp-content\/uploads\/2024\/05\/akt_piel2-637x400-1.jpg?fit=637%2C400&amp;ssl=1\" decoding=\"async\" loading=\"lazy\" width=\"637\" height=\"400\" src=\"https:\/\/i2.wp.com\/szpitalpinczow.pl\/wp-content\/uploads\/2024\/05\/akt_piel2-637x400-1.jpg?resize=637%2C400&#038;ssl=1\" alt=\"\" class=\"wp-image-2051\" srcset=\"https:\/\/i2.wp.com\/szpitalpinczow.pl\/wp-content\/uploads\/2024\/05\/akt_piel2-637x400-1.jpg?w=637&amp;ssl=1 637w, https:\/\/i2.wp.com\/szpitalpinczow.pl\/wp-content\/uploads\/2024\/05\/akt_piel2-637x400-1.jpg?resize=300%2C188&amp;ssl=1 300w, https:\/\/i2.wp.com\/szpitalpinczow.pl\/wp-content\/uploads\/2024\/05\/akt_piel2-637x400-1.jpg?resize=360%2C226&amp;ssl=1 360w\" sizes=\"(max-width: 637px) 100vw, 637px\" data-recalc-dims=\"1\" \/><\/figure>\n","protected":false},"excerpt":{"rendered":"<p>ZOZ w Pi\u0144czowie sk\u0142ada najserdeczniejsze \u017cyczenia wszystkim piel\u0119gniarkom z okazji Mi\u0119dzynarodowego Dnia Piel\u0119gniarek<\/p>\n","protected":false},"author":1,"featured_media":0,"parent":0,"menu_order":0,"comment_status":"closed","ping_status":"closed","template":"","meta":[],"_links":{"self":[{"href":"https:\/\/szpitalpinczow.pl\/index.php?rest_route=\/wp\/v2\/pages\/2050"}],"collection":[{"href":"https:\/\/szpitalpinczow.pl\/index.php?rest_route=\/wp\/v2\/pages"}],"about":[{"href":"https:\/\/szpitalpinczow.pl\/index.php?rest_route=\/wp\/v2\/types\/page"}],"author":[{"embeddable":true,"href":"https:\/\/szpitalpinczow.pl\/index.php?rest_route=\/wp\/v2\/users\/1"}],"replies":[{"embeddable":true,"href":"https:\/\/szpitalpinczow.pl\/index.php?rest_route=%2Fwp%2Fv2%2Fcomments&post=2050"}],"version-history":[{"count":2,"href":"https:\/\/szpitalpinczow.pl\/index.php?rest_route=\/wp\/v2\/pages\/2050\/revisions"}],"predecessor-version":[{"id":2055,"href":"https:\/\/szpitalpinczow.pl\/index.php?rest_route=\/wp\/v2\/pages\/2050\/revisions\/2055"}],"wp:attachment":[{"href":"https:\/\/szpitalpinczow.pl\/index.php?rest_route=%2Fwp%2Fv2%2Fmedia&parent=2050"}],"curies":[{"name":"wp","href":"https:\/\/api.w.org\/{rel}","templated":true}]}}