{"id":1527,"date":"2024-02-12T06:25:58","date_gmt":"2024-02-12T06:25:58","guid":{"rendered":"https:\/\/szpitalpinczow.pl\/?page_id=1527"},"modified":"2026-03-06T08:47:57","modified_gmt":"2026-03-06T08:47:57","slug":"pracownia-endoskopi","status":"publish","type":"page","link":"https:\/\/szpitalpinczow.pl\/?page_id=1527","title":{"rendered":"Pracownia Endoskopii"},"content":{"rendered":"\n<p><strong>Szanowni Pa\u0144stwo!<\/strong><\/p>\n\n\n\n<p><strong>&nbsp;&nbsp;&nbsp;&nbsp;&nbsp;&nbsp;&nbsp;&nbsp;&nbsp;&nbsp;&nbsp;&nbsp;<\/strong>Mi\u0142o nam poinformowa\u0107, \u017ce Zesp\u00f3\u0142 Opieki Zdrowotnej w Pi\u0144czowie od dnia 1 lutego&nbsp; 2024 r. w warunkach ambulatoryjnych bez konieczno\u015bci pobytu w szpitalu, wykonuje badania endoskopowe przewodu pokarmowego takie jak gastroskopia i kolonoskopia w znieczuleniu.<\/p>\n\n\n\n<p>S\u0105 to \u015bwiadczenie gwarantowane&nbsp; finansowane przez Narodowy Fundusz Zdrowia, realizowane przez&nbsp; wykwalifikowany personel lekarski i piel\u0119gniarski z wieloletnim&nbsp; do\u015bwiadczeniem.<\/p>\n\n\n\n<figure class=\"wp-block-image\"><a href=\"https:\/\/i0.wp.com\/szpitalpinczow.pl\/wp-content\/uploads\/2024\/02\/1-3.png\"><img data-attachment-id=\"1476\" data-permalink=\"https:\/\/szpitalpinczow.pl\/?attachment_id=1476\" data-orig-file=\"https:\/\/i0.wp.com\/szpitalpinczow.pl\/wp-content\/uploads\/2024\/02\/1-3.png?fit=611%2C450&amp;ssl=1\" data-orig-size=\"611,450\" data-comments-opened=\"1\" data-image-meta=\"{&quot;aperture&quot;:&quot;0&quot;,&quot;credit&quot;:&quot;&quot;,&quot;camera&quot;:&quot;&quot;,&quot;caption&quot;:&quot;&quot;,&quot;created_timestamp&quot;:&quot;0&quot;,&quot;copyright&quot;:&quot;&quot;,&quot;focal_length&quot;:&quot;0&quot;,&quot;iso&quot;:&quot;0&quot;,&quot;shutter_speed&quot;:&quot;0&quot;,&quot;title&quot;:&quot;&quot;,&quot;orientation&quot;:&quot;0&quot;}\" data-image-title=\"1-3\" data-image-description=\"\" data-medium-file=\"https:\/\/i0.wp.com\/szpitalpinczow.pl\/wp-content\/uploads\/2024\/02\/1-3.png?fit=300%2C221&amp;ssl=1\" data-large-file=\"https:\/\/i0.wp.com\/szpitalpinczow.pl\/wp-content\/uploads\/2024\/02\/1-3.png?fit=611%2C450&amp;ssl=1\" decoding=\"async\" loading=\"lazy\" width=\"611\" height=\"450\" src=\"https:\/\/i0.wp.com\/szpitalpinczow.pl\/wp-content\/uploads\/2024\/02\/1-3.png?resize=611%2C450\" alt=\"Pracownia endoskopii\" class=\"wp-image-1476\" srcset=\"https:\/\/i0.wp.com\/szpitalpinczow.pl\/wp-content\/uploads\/2024\/02\/1-3.png?w=611&amp;ssl=1 611w, https:\/\/i0.wp.com\/szpitalpinczow.pl\/wp-content\/uploads\/2024\/02\/1-3.png?resize=300%2C221&amp;ssl=1 300w, https:\/\/i0.wp.com\/szpitalpinczow.pl\/wp-content\/uploads\/2024\/02\/1-3.png?resize=360%2C265&amp;ssl=1 360w\" sizes=\"(max-width: 611px) 100vw, 611px\" \/><\/a><\/figure>\n\n\n\n<h2 class=\"wp-block-heading\"><strong>Od 01.02.2025r Rejestracja i wszelkie informacje zwi\u0105zane z pracowni\u0105 endoskopii udzielane s\u0105<\/strong>&nbsp;<strong>we wtorki, \u015brody i czwartki w godz. 8.00-12.30<\/strong> osobi\u015bcie lub pod numerem telefonu podanym poni\u017cej. <\/h2>\n\n\n\n<h2 class=\"wp-block-heading\"><strong>Wyniki histopatologiczne wydawane s\u0105 we wtorki i czwartki w godz. 8.00-14.00<\/strong><\/h2>\n\n\n\n<ul>\n<li>osobi\u015bcie lub za po\u015brednictwem os\u00f3b trzecich w Punkcie Rejestracji przy Oddziale Chirurgicznym Og\u00f3lnym (pi\u0119tro III)<\/li>\n<\/ul>\n\n\n\n<p>&nbsp;Zesp\u00f3\u0142 Opieki Zdrowotnej w Pi\u0144czowie<\/p>\n\n\n\n<p>ul. Armii Krajowej 22<\/p>\n\n\n\n<p>28-400 Pi\u0144cz\u00f3w<\/p>\n\n\n\n<ul>\n<li>telefonicznie pod numerem&nbsp;513 351 120<\/li>\n\n\n\n<li>elektronicznie za pomoc\u0105 maila:&nbsp;<a href=\"mailto:endoskopia@szpitalpinczow.pl\">endoskopia@szpitalpinczow.pl<\/a><\/li>\n<\/ul>\n\n\n\n<h2 class=\"wp-block-heading\">Zabiegi odbywaj\u0105 si\u0119 na 3 pi\u0119trze szpitala na ko\u0144cu Oddzia\u0142u Chirurgicznego<\/h2>\n\n\n\n<p><strong>Harmonogram wykonywanych bada\u0144<\/strong><\/p>\n\n\n\n<p><strong>Gastroskopia<\/strong><\/p>\n\n\n\n<p>od poniedzia\u0142ku do pi\u0105tku w godzinach od 7.00 do 9.30<\/p>\n\n\n\n<p><strong>Kolonoskopia<\/strong><\/p>\n\n\n\n<p>od poniedzia\u0142ku do pi\u0105tku w godzinach od 9.30 do 12.00<\/p>\n\n\n\n<p><strong>lek. med. Pawe\u0142 Wieli\u0144ski:&nbsp;<\/strong>wtorek i czwartek<\/p>\n\n\n\n<p><strong>lek. med. Przemys\u0142aw Borowiecki:<\/strong>\u00a0poniedzia\u0142ek, \u015broda, pi\u0105tek<\/p>\n\n\n\n<p><\/p>\n\n\n\n<p>W przypadku os\u00f3b u kt\u00f3rych badanie odb\u0119dzie si\u0119 w znieczuleniu konieczna jest obecno\u015b\u0107 osoby towarzysz\u0105cej.<\/p>\n\n\n\n<p>Prosimy tak\u017ce o zabranie ostatnich wynik\u00f3w laboratoryjnych. <\/p>\n\n\n\n<h2 class=\"wp-block-heading\">Dokumenty:<\/h2>\n\n\n\n<div class=\"wp-block-file\"><object class=\"wp-block-file__embed\" data=\"https:\/\/szpitalpinczow.pl\/wp-content\/uploads\/2024\/04\/jpg2pdf.pdf\" type=\"application\/pdf\" style=\"width:100%;height:600px\" aria-label=\"Osadzone z kolonoskopia.pdf.\"><\/object><a id=\"wp-block-file--media-4eccaa6d-c657-460a-af03-8308c3744f66\" href=\"https:\/\/szpitalpinczow.pl\/wp-content\/uploads\/2024\/04\/jpg2pdf.pdf\">kolonoskopia.pdf<\/a><a href=\"https:\/\/szpitalpinczow.pl\/wp-content\/uploads\/2024\/04\/jpg2pdf.pdf\" class=\"wp-block-file__button wp-element-button\" download aria-describedby=\"wp-block-file--media-4eccaa6d-c657-460a-af03-8308c3744f66\">Pobierz<\/a><\/div>\n\n\n\n<div class=\"wp-block-file\"><object class=\"wp-block-file__embed\" data=\"http:\/\/szpitalpinczow.pl\/wp-content\/uploads\/2024\/03\/GASTROSKOPIA-informacja-dla-pacjenta-1.pdf\" type=\"application\/pdf\" style=\"width:100%;height:600px\" aria-label=\"Osadzone z GASTROSKOPIA-informacja-dla-pacjenta-1.\"><\/object><a id=\"wp-block-file--media-bf99695c-b7a9-4a44-b68e-7a50e7063cd3\" href=\"http:\/\/szpitalpinczow.pl\/wp-content\/uploads\/2024\/03\/GASTROSKOPIA-informacja-dla-pacjenta-1.pdf\">GASTROSKOPIA-informacja-dla-pacjenta-1<\/a><a href=\"http:\/\/szpitalpinczow.pl\/wp-content\/uploads\/2024\/03\/GASTROSKOPIA-informacja-dla-pacjenta-1.pdf\" class=\"wp-block-file__button wp-element-button\" download aria-describedby=\"wp-block-file--media-bf99695c-b7a9-4a44-b68e-7a50e7063cd3\">Pobierz<\/a><\/div>\n\n\n\n<div class=\"wp-block-file\"><object class=\"wp-block-file__embed\" data=\"https:\/\/szpitalpinczow.pl\/wp-content\/uploads\/2024\/03\/OSWIADCZENIE_upowaznienie-do-informacji-i-dokumentacji-medycznej.pdf\" type=\"application\/pdf\" style=\"width:100%;height:600px\" aria-label=\"Osadzone z OSWIADCZENIE_upowaznienie-do-informacji-i-dokumentacji-medycznej.\"><\/object><a id=\"wp-block-file--media-17152c9b-d01e-43a1-90d6-435ea9978cc0\" href=\"https:\/\/szpitalpinczow.pl\/wp-content\/uploads\/2024\/03\/OSWIADCZENIE_upowaznienie-do-informacji-i-dokumentacji-medycznej.pdf\">OSWIADCZENIE_upowaznienie-do-informacji-i-dokumentacji-medycznej<\/a><a href=\"https:\/\/szpitalpinczow.pl\/wp-content\/uploads\/2024\/03\/OSWIADCZENIE_upowaznienie-do-informacji-i-dokumentacji-medycznej.pdf\" class=\"wp-block-file__button wp-element-button\" download aria-describedby=\"wp-block-file--media-17152c9b-d01e-43a1-90d6-435ea9978cc0\">Pobierz<\/a><\/div>\n\n\n\n<div class=\"wp-block-file\"><object class=\"wp-block-file__embed\" data=\"https:\/\/szpitalpinczow.pl\/wp-content\/uploads\/2024\/03\/KROTKOTRWALE-ZNIECZULENIE-DOZYLNE_informacja-dla-pacjenta-ZGODA.pdf\" type=\"application\/pdf\" style=\"width:100%;height:600px\" aria-label=\"Osadzone z KROTKOTRWALE-ZNIECZULENIE-DOZYLNE_informacja-dla-pacjenta-ZGODA.\"><\/object><a id=\"wp-block-file--media-18a5e478-f77e-44c7-81bc-cf5f1e0eec52\" href=\"https:\/\/szpitalpinczow.pl\/wp-content\/uploads\/2024\/03\/KROTKOTRWALE-ZNIECZULENIE-DOZYLNE_informacja-dla-pacjenta-ZGODA.pdf\">KROTKOTRWALE-ZNIECZULENIE-DOZYLNE_informacja-dla-pacjenta-ZGODA<\/a><a href=\"https:\/\/szpitalpinczow.pl\/wp-content\/uploads\/2024\/03\/KROTKOTRWALE-ZNIECZULENIE-DOZYLNE_informacja-dla-pacjenta-ZGODA.pdf\" class=\"wp-block-file__button wp-element-button\" download aria-describedby=\"wp-block-file--media-18a5e478-f77e-44c7-81bc-cf5f1e0eec52\">Pobierz<\/a><\/div>\n\n\n\n<div class=\"wp-block-file\"><object class=\"wp-block-file__embed\" data=\"http:\/\/szpitalpinczow.pl\/wp-content\/uploads\/2025\/05\/Scan_20250513_142643.pdf\" type=\"application\/pdf\" style=\"width:100%;height:600px\" aria-label=\"Osadzone z Przedoperacyjna Ankieta Anestezjologiczna.\"><\/object><a id=\"wp-block-file--media-6944bd42-84b6-4beb-ac95-2cacd44a5af6\" href=\"http:\/\/szpitalpinczow.pl\/wp-content\/uploads\/2025\/05\/Scan_20250513_142643.pdf\">Przedoperacyjna Ankieta Anestezjologiczna<\/a><a href=\"http:\/\/szpitalpinczow.pl\/wp-content\/uploads\/2025\/05\/Scan_20250513_142643.pdf\" class=\"wp-block-file__button wp-element-button\" download aria-describedby=\"wp-block-file--media-6944bd42-84b6-4beb-ac95-2cacd44a5af6\">Pobierz<\/a><\/div>\n","protected":false},"excerpt":{"rendered":"<p>Szanowni Pa\u0144stwo! &nbsp;&nbsp;&nbsp;&nbsp;&nbsp;&nbsp;&nbsp;&nbsp;&nbsp;&nbsp;&nbsp;&nbsp;Mi\u0142o nam poinformowa\u0107, \u017ce Zesp\u00f3\u0142 Opieki Zdrowotnej w Pi\u0144czowie od dnia 1 lutego&nbsp; 2024 r. w warunkach ambulatoryjnych bez konieczno\u015bci pobytu w szpitalu, wykonuje badania endoskopowe przewodu pokarmowego takie jak gastroskopia i kolonoskopia w znieczuleniu. S\u0105 to \u015bwiadczenie&hellip;&nbsp;<a href=\"https:\/\/szpitalpinczow.pl\/?page_id=1527\" class=\"more-link\">Read More<\/a><\/p>\n","protected":false},"author":1,"featured_media":0,"parent":0,"menu_order":0,"comment_status":"closed","ping_status":"closed","template":"","meta":[],"_links":{"self":[{"href":"https:\/\/szpitalpinczow.pl\/index.php?rest_route=\/wp\/v2\/pages\/1527"}],"collection":[{"href":"https:\/\/szpitalpinczow.pl\/index.php?rest_route=\/wp\/v2\/pages"}],"about":[{"href":"https:\/\/szpitalpinczow.pl\/index.php?rest_route=\/wp\/v2\/types\/page"}],"author":[{"embeddable":true,"href":"https:\/\/szpitalpinczow.pl\/index.php?rest_route=\/wp\/v2\/users\/1"}],"replies":[{"embeddable":true,"href":"https:\/\/szpitalpinczow.pl\/index.php?rest_route=%2Fwp%2Fv2%2Fcomments&post=1527"}],"version-history":[{"count":16,"href":"https:\/\/szpitalpinczow.pl\/index.php?rest_route=\/wp\/v2\/pages\/1527\/revisions"}],"predecessor-version":[{"id":5325,"href":"https:\/\/szpitalpinczow.pl\/index.php?rest_route=\/wp\/v2\/pages\/1527\/revisions\/5325"}],"wp:attachment":[{"href":"https:\/\/szpitalpinczow.pl\/index.php?rest_route=%2Fwp%2Fv2%2Fmedia&parent=1527"}],"curies":[{"name":"wp","href":"https:\/\/api.w.org\/{rel}","templated":true}]}}