{"id":806,"date":"2020-07-05T17:50:27","date_gmt":"2020-07-05T17:50:27","guid":{"rendered":"http:\/\/szpitalpinczow.pl\/?page_id=806"},"modified":"2020-07-05T17:50:27","modified_gmt":"2020-07-05T17:50:27","slug":"kondolencje-z-powodu-smierci-pani-grazyny-kossakowskiej","status":"publish","type":"page","link":"http:\/\/szpitalpinczow.pl\/?page_id=806","title":{"rendered":"Kondolencje z powodu \u015bmierci Pani Gra\u017cyny Kossakowskiej"},"content":{"rendered":"<p>Z g\u0142\u0119bokim smutkiem przyj\u0119li\u015bmy wiadomo\u015b\u0107 o \u015bmierci wspania\u0142ego cz\u0142owieka, cenionego lekarza, za\u0142o\u017cyciela Fundacji Rozbudowy Szpitala Rejonowego w Pi\u0144czowie, \u015bp. Pani Gra\u017cyny Kossakowskiej.<\/p>\n<p>Od 1990 roku Pani doktor Gra\u017cyna Kossakowska pe\u0142ni\u0142a funkcj\u0119 Przewodnicz\u0105cej Rady Miejskiej w Pi\u0144czowie w czasach pierwszej kadencji samorz\u0105du.<\/p>\n<p>W tym czasie pi\u0144czowski Szpital, funkcjonowa\u0142 w budynku klasztoru.<\/p>\n<p>Za spraw\u0105 Pani doktor, poprawa funkcjonowania warunk\u00f3w lokalowych Szpitala oraz komfortu pacjent\u00f3w sta\u0142a si\u0119 nadrz\u0119dnym zadaniem samorz\u0105du Pi\u0144czowa oraz okolicznych gmin.<\/p>\n<p>Ciesz\u0105ca si\u0119 ogromnym autorytetem Przewodnicz\u0105ca Rady Miejskiej w Pi\u0144czowie utworzy\u0142a Fundacj\u0119 oraz przyczyni\u0142a si\u0119 do rozpocz\u0119cia prac.<\/p>\n<p>Pierwszym krokiem by\u0142o opracowanie dokumentacji technicznej nowego obiektu.<\/p>\n<p>Dzisiejsz\u0105 architektur\u0119 Szpitala zawdzi\u0119czamy aktywno\u015bci Pani Gra\u017cyny Kossakowskiej.<\/p>\n<p>Pani doktor, dzi\u0119kujemy bardzo.<\/p>\n<p>Rodzinie oraz najbli\u017cszym sk\u0142adamy szczere wyrazy wsp\u00f3\u0142czucia &#8211; Dyrekcja oraz pracownicy Zespo\u0142u Opieki Zdrowotnej w Pi\u0144czowie.<\/p>\n","protected":false},"excerpt":{"rendered":"<p>Z g\u0142\u0119bokim smutkiem przyj\u0119li\u015bmy wiadomo\u015b\u0107 o \u015bmierci wspania\u0142ego cz\u0142owieka, cenionego lekarza, za\u0142o\u017cyciela Fundacji Rozbudowy Szpitala Rejonowego w Pi\u0144czowie, \u015bp. Pani Gra\u017cyny Kossakowskiej. Od 1990 roku Pani doktor Gra\u017cyna Kossakowska pe\u0142ni\u0142a funkcj\u0119 Przewodnicz\u0105cej Rady Miejskiej w Pi\u0144czowie w czasach pierwszej kadencji&hellip;&nbsp;<a href=\"http:\/\/szpitalpinczow.pl\/?page_id=806\" class=\"more-link\">Read More<\/a><\/p>\n","protected":false},"author":1,"featured_media":0,"parent":0,"menu_order":0,"comment_status":"closed","ping_status":"closed","template":"","meta":[],"_links":{"self":[{"href":"http:\/\/szpitalpinczow.pl\/index.php?rest_route=\/wp\/v2\/pages\/806"}],"collection":[{"href":"http:\/\/szpitalpinczow.pl\/index.php?rest_route=\/wp\/v2\/pages"}],"about":[{"href":"http:\/\/szpitalpinczow.pl\/index.php?rest_route=\/wp\/v2\/types\/page"}],"author":[{"embeddable":true,"href":"http:\/\/szpitalpinczow.pl\/index.php?rest_route=\/wp\/v2\/users\/1"}],"replies":[{"embeddable":true,"href":"http:\/\/szpitalpinczow.pl\/index.php?rest_route=%2Fwp%2Fv2%2Fcomments&post=806"}],"version-history":[{"count":1,"href":"http:\/\/szpitalpinczow.pl\/index.php?rest_route=\/wp\/v2\/pages\/806\/revisions"}],"predecessor-version":[{"id":807,"href":"http:\/\/szpitalpinczow.pl\/index.php?rest_route=\/wp\/v2\/pages\/806\/revisions\/807"}],"wp:attachment":[{"href":"http:\/\/szpitalpinczow.pl\/index.php?rest_route=%2Fwp%2Fv2%2Fmedia&parent=806"}],"curies":[{"name":"wp","href":"https:\/\/api.w.org\/{rel}","templated":true}]}}