{"id":783,"date":"2020-05-16T07:48:26","date_gmt":"2020-05-16T07:48:26","guid":{"rendered":"http:\/\/szpitalpinczow.pl\/?page_id=783"},"modified":"2020-05-16T07:48:26","modified_gmt":"2020-05-16T07:48:26","slug":"informacja-o-mozliwosci-pojawienia-sie-w-pinczowskim-szpitalu-zakazenia-sars-cov-2","status":"publish","type":"page","link":"http:\/\/szpitalpinczow.pl\/?page_id=783","title":{"rendered":"Informacja o mo\u017cliwo\u015bci pojawienia si\u0119 w pi\u0144czowskim szpitalu zaka\u017cenia SARS-CoV-2"},"content":{"rendered":"<p>Szanowni Pa\u0144stwo, w zwi\u0105zku z informacj\u0105 o mo\u017cliwo\u015bci pojawienia si\u0119 w pi\u0144czowskim szpitalu zaka\u017cenia SARS-CoV-2 , wszyscy pracownicy i pacjenci, kt\u00f3rzy mogli mie\u0107 kontakt z pacjentem u kt\u00f3rego podejrzewano zaka\u017cenie zostali poddani badaniom w kierunku SARS-CoV-2. \u0141\u0105cznie przebadano 65 os\u00f3b, w \u017cadnej z badanych pr\u00f3b nie stwierdzono obecno\u015bci RNA wirusa SARS-CoV-2.<\/p>\n<p>Oznacza to, \u017ce personel w\u0142a\u015bciwie stosuje \u015brodki ochrony osobistej i odpowiedzialnie zachowuje obowi\u0105zuj\u0105ce re\u017cimy sanitarne.<br \/>\nPrzepraszamy Pa\u0144stwa za utrudnienia i dzi\u0119kujemy Pa\u0144stwu za liczne wyrazy wsparcia i solidarno\u015bci.<\/p>\n<p>&nbsp;<\/p>\n<p style=\"text-align: right;\">\nDyrekcja i wszyscy pracownicy szpitala.<\/p>\n<p>&nbsp;<\/p>\n<p style=\"text-align: center;\">\u00a0\u00a0\u00a0 <strong>W dalszym ci\u0105gu prosimy dobrowolne dokonywanie wp\u0142at na numer rachunku ING Bank \u015al\u0105ski<\/strong><\/p>\n<p style=\"text-align: center;\"><strong>03 1050 1429 1000 0022 1211 9933<\/strong><\/p>\n<p style=\"text-align: center;\"><strong>Tytu\u0142 przelewu: &#8222;Darowizna dla Szpitala w Pi\u0144czowie-COVID-19&#8221;<\/strong><\/p>\n","protected":false},"excerpt":{"rendered":"<p>Szanowni Pa\u0144stwo, w zwi\u0105zku z informacj\u0105 o mo\u017cliwo\u015bci pojawienia si\u0119 w pi\u0144czowskim szpitalu zaka\u017cenia SARS-CoV-2 , wszyscy pracownicy i pacjenci, kt\u00f3rzy mogli mie\u0107 kontakt z pacjentem u kt\u00f3rego podejrzewano zaka\u017cenie zostali poddani badaniom w kierunku SARS-CoV-2. \u0141\u0105cznie przebadano 65 os\u00f3b,&hellip;&nbsp;<a href=\"http:\/\/szpitalpinczow.pl\/?page_id=783\" class=\"more-link\">Read More<\/a><\/p>\n","protected":false},"author":1,"featured_media":0,"parent":0,"menu_order":0,"comment_status":"closed","ping_status":"closed","template":"","meta":[],"_links":{"self":[{"href":"http:\/\/szpitalpinczow.pl\/index.php?rest_route=\/wp\/v2\/pages\/783"}],"collection":[{"href":"http:\/\/szpitalpinczow.pl\/index.php?rest_route=\/wp\/v2\/pages"}],"about":[{"href":"http:\/\/szpitalpinczow.pl\/index.php?rest_route=\/wp\/v2\/types\/page"}],"author":[{"embeddable":true,"href":"http:\/\/szpitalpinczow.pl\/index.php?rest_route=\/wp\/v2\/users\/1"}],"replies":[{"embeddable":true,"href":"http:\/\/szpitalpinczow.pl\/index.php?rest_route=%2Fwp%2Fv2%2Fcomments&post=783"}],"version-history":[{"count":4,"href":"http:\/\/szpitalpinczow.pl\/index.php?rest_route=\/wp\/v2\/pages\/783\/revisions"}],"predecessor-version":[{"id":787,"href":"http:\/\/szpitalpinczow.pl\/index.php?rest_route=\/wp\/v2\/pages\/783\/revisions\/787"}],"wp:attachment":[{"href":"http:\/\/szpitalpinczow.pl\/index.php?rest_route=%2Fwp%2Fv2%2Fmedia&parent=783"}],"curies":[{"name":"wp","href":"https:\/\/api.w.org\/{rel}","templated":true}]}}