{"id":759,"date":"2020-04-06T06:13:00","date_gmt":"2020-04-06T06:13:00","guid":{"rendered":"http:\/\/szpitalpinczow.pl\/?page_id=759"},"modified":"2020-04-06T06:14:21","modified_gmt":"2020-04-06T06:14:21","slug":"podziekowanie","status":"publish","type":"page","link":"http:\/\/szpitalpinczow.pl\/?page_id=759","title":{"rendered":"Podzi\u0119kowanie"},"content":{"rendered":"<p lang=\"zxx\" align=\"justify\">Serdecznie dzi\u0119kuj\u0119 za liczne wyrazy solidarno\u015bci okazywane wszystkim pracownikom pinczowskiego szpitala w trudnym dla nas wszystkich czasie epidemii. Dzi\u0119kuj\u0119 za wp\u0142aty na rachunek bankowy szpitala oraz ofiarowane \u015brodki ochrony osobistej, \u015brodki dezynfekcyjne i dary w kazdej innej formie. Dzieki Pa\u0144stwa ofiarno\u015bci nieco \u0142atwiej zabezpiecza\u0107 szpital a zw\u0142aszcza jego pacjent\u00f3w i personel przed atakiem gro\u017anego wirusa.<\/p>\n<p lang=\"zxx\" align=\"justify\">Wszystkim darczy\u0144com bardzo serdecznie dzi\u0119kuj\u0119.<\/p>\n<p lang=\"zxx\" align=\"justify\">Niech zbli\u017caj\u0105ce si\u0119 Swieta wnios\u0105 do naszych rodzin i dom\u00f3w wielkanocn\u0105 nadziej\u0119, si\u0142\u0119 i wiosenn\u0105 rado\u015b\u0107. Zdrowych i Weso\u0142ych Swi\u0105t! Chro\u0144 \u017cycie zosta\u0144 w domu!<\/p>\n<p lang=\"zxx\" align=\"justify\">Nasz nr 03 1050 1429 1000 0022 1211 9933<\/p>\n","protected":false},"excerpt":{"rendered":"<p>Serdecznie dzi\u0119kuj\u0119 za liczne wyrazy solidarno\u015bci okazywane wszystkim pracownikom pinczowskiego szpitala w trudnym dla nas wszystkich czasie epidemii. Dzi\u0119kuj\u0119 za wp\u0142aty na rachunek bankowy szpitala oraz ofiarowane \u015brodki ochrony osobistej, \u015brodki dezynfekcyjne i dary w kazdej innej formie. Dzieki Pa\u0144stwa&hellip;&nbsp;<a href=\"http:\/\/szpitalpinczow.pl\/?page_id=759\" class=\"more-link\">Read More<\/a><\/p>\n","protected":false},"author":1,"featured_media":0,"parent":0,"menu_order":0,"comment_status":"closed","ping_status":"closed","template":"","meta":[],"_links":{"self":[{"href":"http:\/\/szpitalpinczow.pl\/index.php?rest_route=\/wp\/v2\/pages\/759"}],"collection":[{"href":"http:\/\/szpitalpinczow.pl\/index.php?rest_route=\/wp\/v2\/pages"}],"about":[{"href":"http:\/\/szpitalpinczow.pl\/index.php?rest_route=\/wp\/v2\/types\/page"}],"author":[{"embeddable":true,"href":"http:\/\/szpitalpinczow.pl\/index.php?rest_route=\/wp\/v2\/users\/1"}],"replies":[{"embeddable":true,"href":"http:\/\/szpitalpinczow.pl\/index.php?rest_route=%2Fwp%2Fv2%2Fcomments&post=759"}],"version-history":[{"count":2,"href":"http:\/\/szpitalpinczow.pl\/index.php?rest_route=\/wp\/v2\/pages\/759\/revisions"}],"predecessor-version":[{"id":762,"href":"http:\/\/szpitalpinczow.pl\/index.php?rest_route=\/wp\/v2\/pages\/759\/revisions\/762"}],"wp:attachment":[{"href":"http:\/\/szpitalpinczow.pl\/index.php?rest_route=%2Fwp%2Fv2%2Fmedia&parent=759"}],"curies":[{"name":"wp","href":"https:\/\/api.w.org\/{rel}","templated":true}]}}