{"id":703,"date":"2020-03-05T08:01:16","date_gmt":"2020-03-05T08:01:16","guid":{"rendered":"http:\/\/szpitalpinczow.pl\/?page_id=703"},"modified":"2020-03-05T08:15:02","modified_gmt":"2020-03-05T08:15:02","slug":"kontakt-teleinformatyczny-poz","status":"publish","type":"page","link":"http:\/\/szpitalpinczow.pl\/?page_id=703","title":{"rendered":"Kontakt teleinformatyczny POZ"},"content":{"rendered":"<p style=\"text-align: center;\"><span style=\"font-family: Liberation Serif, serif;\"><strong>Zesp\u00f3\u0142 Opieki Zdrowotnej w Pi\u0144czowie<\/strong> informuje, \u017ce w dniach od Poniedzia\u0142ku do Pi\u0105tku w godzinach 8:00 \u2013 10:00 pod numerem telefonicznym <span style=\"font-size: medium;\"><strong>413573031 wew. 524 <\/strong><\/span><span style=\"font-size: medium;\">pacjen<\/span><span style=\"font-size: medium;\">ci<\/span><span style=\"font-size: medium;\"> mog\u0105 uzyska\u0107 \u015bwiadczenia na odleg\u0142o\u015b\u0107 u piel\u0119gniarki POZ.<\/span><\/span><\/p>\n<table width=\"100%\" cellspacing=\"0\" cellpadding=\"4\">\n<colgroup>\n<col width=\"64*\" \/>\n<col width=\"64*\" \/>\n<col width=\"64*\" \/>\n<col width=\"64*\" \/> <\/colgroup>\n<tbody>\n<tr valign=\"top\">\n<td style=\"background: #c2e0ae;\" bgcolor=\"#c2e0ae\" width=\"25%\">\n<p align=\"center\"><span style=\"font-family: Arial CE, serif;\"><span style=\"font-size: large;\"><b>zakres \u015bwiadcze\u0144 w kt\u00f3rych realizowana jest dost\u0119pno\u015b\u0107 do \u015bwiadcze\u0144 &#8211; \u00a7 8 ust. 10 Zarz\u0105dzenia POZ tj. lekarz POZ, piel\u0119gniarka POZ lub po\u0142o\u017cna POZ<\/b><\/span><\/span><\/p>\n<\/td>\n<td style=\"background: #c2e0ae;\" bgcolor=\"#c2e0ae\" width=\"25%\">\n<p align=\"center\"><span style=\"font-family: Arial CE, serif;\"><span style=\"font-size: large;\"><b>NUMER TELEFONU do kontaktu dla Pacjent\u00f3w w celu uzyskania \u015bwiadcze\u0144 &#8211; \u00a7 8 ust. 10 Zarz\u0105dzenia POZ (lub inna forma kontaktu)<\/b><\/span><\/span><\/p>\n<\/td>\n<td style=\"background: #c2e0ae;\" bgcolor=\"#c2e0ae\" width=\"25%\">\n<p align=\"center\"><span style=\"font-family: Arial CE, serif;\"><span style=\"font-size: large;\"><b>DZIE\u0143\/DNI TYGODNIA dost\u0119pno\u015bci do \u015bwiadcze\u0144 &#8211; \u00a7 8 ust. 10 Zarz\u0105dzenia POZ<\/b><\/span><\/span><\/p>\n<\/td>\n<td style=\"background: #c2e0ae;\" bgcolor=\"#c2e0ae\" width=\"25%\">\n<p align=\"center\"><span style=\"font-family: Arial CE, serif;\"><span style=\"font-size: large;\"><b>GODZINY (od &#8211; do)<\/b><\/span><\/span><\/p>\n<p align=\"center\"><span style=\"font-family: Arial CE, serif;\"><span style=\"font-size: large;\"><b>dost\u0119pno\u015bci do \u015bwiadcze\u0144 &#8211; \u00a7 8 ust. 10 Zarz\u0105dzenia POZ <\/b><\/span><\/span><\/p>\n<\/td>\n<\/tr>\n<tr valign=\"top\">\n<td width=\"25%\">\n<p align=\"center\"><span style=\"font-family: Arial CE, serif;\"><span style=\"font-size: large;\">Piel\u0119gniarka POZ<\/span><\/span><\/p>\n<\/td>\n<td width=\"25%\">\n<p align=\"center\"><span style=\"font-family: Arial CE, serif;\"><span style=\"font-size: large;\">413573031 wew. 524<\/span><\/span><\/p>\n<\/td>\n<td width=\"25%\">\n<p align=\"center\"><span style=\"font-family: Arial CE, serif;\"><span style=\"font-size: large;\">Pn &#8211; Pt<\/span><\/span><\/p>\n<\/td>\n<td width=\"25%\">\n<p align=\"center\"><span style=\"font-family: Arial CE, serif;\"><span style=\"font-size: large;\">8:00 \u2013 10:00<\/span><\/span><\/p>\n<\/td>\n<\/tr>\n<\/tbody>\n<\/table>\n","protected":false},"excerpt":{"rendered":"<p>Zesp\u00f3\u0142 Opieki Zdrowotnej w Pi\u0144czowie informuje, \u017ce w dniach od Poniedzia\u0142ku do Pi\u0105tku w godzinach 8:00 \u2013 10:00 pod numerem telefonicznym 413573031 wew. 524 pacjenci mog\u0105 uzyska\u0107 \u015bwiadczenia na odleg\u0142o\u015b\u0107 u piel\u0119gniarki POZ. zakres \u015bwiadcze\u0144 w kt\u00f3rych realizowana jest dost\u0119pno\u015b\u0107&hellip;&nbsp;<a href=\"http:\/\/szpitalpinczow.pl\/?page_id=703\" class=\"more-link\">Read More<\/a><\/p>\n","protected":false},"author":1,"featured_media":0,"parent":0,"menu_order":0,"comment_status":"closed","ping_status":"closed","template":"","meta":[],"_links":{"self":[{"href":"http:\/\/szpitalpinczow.pl\/index.php?rest_route=\/wp\/v2\/pages\/703"}],"collection":[{"href":"http:\/\/szpitalpinczow.pl\/index.php?rest_route=\/wp\/v2\/pages"}],"about":[{"href":"http:\/\/szpitalpinczow.pl\/index.php?rest_route=\/wp\/v2\/types\/page"}],"author":[{"embeddable":true,"href":"http:\/\/szpitalpinczow.pl\/index.php?rest_route=\/wp\/v2\/users\/1"}],"replies":[{"embeddable":true,"href":"http:\/\/szpitalpinczow.pl\/index.php?rest_route=%2Fwp%2Fv2%2Fcomments&post=703"}],"version-history":[{"count":3,"href":"http:\/\/szpitalpinczow.pl\/index.php?rest_route=\/wp\/v2\/pages\/703\/revisions"}],"predecessor-version":[{"id":709,"href":"http:\/\/szpitalpinczow.pl\/index.php?rest_route=\/wp\/v2\/pages\/703\/revisions\/709"}],"wp:attachment":[{"href":"http:\/\/szpitalpinczow.pl\/index.php?rest_route=%2Fwp%2Fv2%2Fmedia&parent=703"}],"curies":[{"name":"wp","href":"https:\/\/api.w.org\/{rel}","templated":true}]}}