{"id":68,"date":"2018-02-01T12:16:48","date_gmt":"2018-02-01T12:16:48","guid":{"rendered":"http:\/\/szpitalpinczow.pl\/?page_id=68"},"modified":"2018-02-01T13:31:00","modified_gmt":"2018-02-01T13:31:00","slug":"informacje-rzecznik-praw-pacjenta-nfz","status":"publish","type":"page","link":"http:\/\/szpitalpinczow.pl\/?page_id=68","title":{"rendered":"Informacje \u2013 Rzecznik Praw Pacjenta, NFZ"},"content":{"rendered":"<p><img data-attachment-id=\"203\" data-permalink=\"http:\/\/szpitalpinczow.pl\/?attachment_id=203\" data-orig-file=\"https:\/\/i1.wp.com\/szpitalpinczow.pl\/wp-content\/uploads\/2018\/02\/image001.jpg?fit=411%2C71\" data-orig-size=\"411,71\" data-comments-opened=\"1\" data-image-meta=\"{&quot;aperture&quot;:&quot;0&quot;,&quot;credit&quot;:&quot;&quot;,&quot;camera&quot;:&quot;&quot;,&quot;caption&quot;:&quot;&quot;,&quot;created_timestamp&quot;:&quot;0&quot;,&quot;copyright&quot;:&quot;&quot;,&quot;focal_length&quot;:&quot;0&quot;,&quot;iso&quot;:&quot;0&quot;,&quot;shutter_speed&quot;:&quot;0&quot;,&quot;title&quot;:&quot;&quot;,&quot;orientation&quot;:&quot;0&quot;}\" data-image-title=\"image001\" data-image-description=\"\" data-medium-file=\"https:\/\/i1.wp.com\/szpitalpinczow.pl\/wp-content\/uploads\/2018\/02\/image001.jpg?fit=300%2C52\" data-large-file=\"https:\/\/i1.wp.com\/szpitalpinczow.pl\/wp-content\/uploads\/2018\/02\/image001.jpg?fit=411%2C71\" decoding=\"async\" loading=\"lazy\" class=\"alignnone wp-image-203 size-full\" src=\"https:\/\/i1.wp.com\/szpitalpinczow.pl\/wp-content\/uploads\/2018\/02\/image001.jpg?resize=411%2C71\" alt=\"\" width=\"411\" height=\"71\" srcset=\"https:\/\/i1.wp.com\/szpitalpinczow.pl\/wp-content\/uploads\/2018\/02\/image001.jpg?w=411 411w, https:\/\/i1.wp.com\/szpitalpinczow.pl\/wp-content\/uploads\/2018\/02\/image001.jpg?resize=300%2C52 300w, https:\/\/i1.wp.com\/szpitalpinczow.pl\/wp-content\/uploads\/2018\/02\/image001.jpg?resize=150%2C26 150w\" sizes=\"(max-width: 411px) 100vw, 411px\" data-recalc-dims=\"1\" \/><\/p>\n<p><strong>Og\u00f3lnopolska bezp\u0142atna infolinia Rzecznika Praw Pacjenta:<\/strong><br \/>\n800 \u2013 190 \u2013 590<\/p>\n<p><strong>Biuro Rzecznika Praw Pacjenta:<\/strong><br \/>\nul. M\u0142ynarska 46<br \/>\n01-171 Warszawa<\/p>\n<p><strong>Sekretariat:<\/strong><br \/>\n<strong>tel.:<\/strong> 22 532 \u2013 82 \u2013 50<br \/>\n<strong>fax: <\/strong>22 532 -82 \u2013 30<\/p>\n<p><strong>\u015awi\u0119tokrzyski Oddzia\u0142 NFZ<\/strong><br \/>\nKierownik Sekcji Skarg i Wniosk\u00f3w (budynek g\u0142\u00f3wny, pok\u00f3j nr 23)<br \/>\n<strong>tel.:<\/strong> 41 364 \u2013\u00a0 61 \u2013 06<\/p>\n","protected":false},"excerpt":{"rendered":"<p>Og\u00f3lnopolska bezp\u0142atna infolinia Rzecznika Praw Pacjenta: 800 \u2013 190 \u2013 590 Biuro Rzecznika Praw Pacjenta: ul. M\u0142ynarska 46 01-171 Warszawa Sekretariat: tel.: 22 532 \u2013 82 \u2013 50 fax: 22 532 -82 \u2013 30 \u015awi\u0119tokrzyski Oddzia\u0142 NFZ Kierownik Sekcji Skarg&hellip;&nbsp;<a href=\"http:\/\/szpitalpinczow.pl\/?page_id=68\" class=\"more-link\">Read More<\/a><\/p>\n","protected":false},"author":1,"featured_media":0,"parent":0,"menu_order":0,"comment_status":"closed","ping_status":"closed","template":"","meta":[],"_links":{"self":[{"href":"http:\/\/szpitalpinczow.pl\/index.php?rest_route=\/wp\/v2\/pages\/68"}],"collection":[{"href":"http:\/\/szpitalpinczow.pl\/index.php?rest_route=\/wp\/v2\/pages"}],"about":[{"href":"http:\/\/szpitalpinczow.pl\/index.php?rest_route=\/wp\/v2\/types\/page"}],"author":[{"embeddable":true,"href":"http:\/\/szpitalpinczow.pl\/index.php?rest_route=\/wp\/v2\/users\/1"}],"replies":[{"embeddable":true,"href":"http:\/\/szpitalpinczow.pl\/index.php?rest_route=%2Fwp%2Fv2%2Fcomments&post=68"}],"version-history":[{"count":2,"href":"http:\/\/szpitalpinczow.pl\/index.php?rest_route=\/wp\/v2\/pages\/68\/revisions"}],"predecessor-version":[{"id":248,"href":"http:\/\/szpitalpinczow.pl\/index.php?rest_route=\/wp\/v2\/pages\/68\/revisions\/248"}],"wp:attachment":[{"href":"http:\/\/szpitalpinczow.pl\/index.php?rest_route=%2Fwp%2Fv2%2Fmedia&parent=68"}],"curies":[{"name":"wp","href":"https:\/\/api.w.org\/{rel}","templated":true}]}}