{"id":623,"date":"2019-04-23T05:32:54","date_gmt":"2019-04-23T05:32:54","guid":{"rendered":"http:\/\/szpitalpinczow.pl\/?page_id=623"},"modified":"2019-04-23T05:50:36","modified_gmt":"2019-04-23T05:50:36","slug":"zol-prace-naszych-podopiecznych","status":"publish","type":"page","link":"http:\/\/szpitalpinczow.pl\/?page_id=623","title":{"rendered":"ZOL prace naszych podopiecznych"},"content":{"rendered":"<p class=\"jetpack-slideshow-noscript robots-nocontent\">Ten pokaz slajd\u00f3w wymaga w\u0142\u0105czonego JavaScript.<\/p><div id=\"gallery-623-1-slideshow\" class=\"slideshow-window jetpack-slideshow slideshow-black\" data-trans=\"fade\" data-autostart=\"1\" data-gallery=\"[{&quot;src&quot;:&quot;https:\\\/\\\/i0.wp.com\\\/szpitalpinczow.pl\\\/wp-content\\\/uploads\\\/2019\\\/04\\\/20190308_111702.jpg?fit=3184%2C5664&quot;,&quot;id&quot;:&quot;617&quot;,&quot;title&quot;:&quot;20190308_111702&quot;,&quot;alt&quot;:&quot;&quot;,&quot;caption&quot;:&quot;&quot;,&quot;itemprop&quot;:&quot;image&quot;},{&quot;src&quot;:&quot;https:\\\/\\\/i1.wp.com\\\/szpitalpinczow.pl\\\/wp-content\\\/uploads\\\/2019\\\/04\\\/20190403_110914.jpg?fit=3184%2C5664&quot;,&quot;id&quot;:&quot;618&quot;,&quot;title&quot;:&quot;20190403_110914&quot;,&quot;alt&quot;:&quot;&quot;,&quot;caption&quot;:&quot;&quot;,&quot;itemprop&quot;:&quot;image&quot;},{&quot;src&quot;:&quot;https:\\\/\\\/i0.wp.com\\\/szpitalpinczow.pl\\\/wp-content\\\/uploads\\\/2019\\\/04\\\/20190409_105532.jpg?fit=3184%2C5664&quot;,&quot;id&quot;:&quot;619&quot;,&quot;title&quot;:&quot;20190409_105532&quot;,&quot;alt&quot;:&quot;&quot;,&quot;caption&quot;:&quot;&quot;,&quot;itemprop&quot;:&quot;image&quot;},{&quot;src&quot;:&quot;https:\\\/\\\/i1.wp.com\\\/szpitalpinczow.pl\\\/wp-content\\\/uploads\\\/2019\\\/04\\\/20190409_111400.jpg?fit=3184%2C5664&quot;,&quot;id&quot;:&quot;620&quot;,&quot;title&quot;:&quot;20190409_111400&quot;,&quot;alt&quot;:&quot;&quot;,&quot;caption&quot;:&quot;&quot;,&quot;itemprop&quot;:&quot;image&quot;},{&quot;src&quot;:&quot;https:\\\/\\\/i2.wp.com\\\/szpitalpinczow.pl\\\/wp-content\\\/uploads\\\/2019\\\/04\\\/20190410_102735.jpg?fit=3184%2C5664&quot;,&quot;id&quot;:&quot;621&quot;,&quot;title&quot;:&quot;20190410_102735&quot;,&quot;alt&quot;:&quot;&quot;,&quot;caption&quot;:&quot;&quot;,&quot;itemprop&quot;:&quot;image&quot;},{&quot;src&quot;:&quot;https:\\\/\\\/i1.wp.com\\\/szpitalpinczow.pl\\\/wp-content\\\/uploads\\\/2019\\\/04\\\/20190415_084330.jpg?fit=3184%2C5664&quot;,&quot;id&quot;:&quot;622&quot;,&quot;title&quot;:&quot;20190415_084330&quot;,&quot;alt&quot;:&quot;&quot;,&quot;caption&quot;:&quot;&quot;,&quot;itemprop&quot;:&quot;image&quot;}]\" itemscope itemtype=\"https:\/\/schema.org\/ImageGallery\"><\/div>\n","protected":false},"excerpt":{"rendered":"","protected":false},"author":1,"featured_media":0,"parent":0,"menu_order":0,"comment_status":"closed","ping_status":"closed","template":"","meta":[],"_links":{"self":[{"href":"http:\/\/szpitalpinczow.pl\/index.php?rest_route=\/wp\/v2\/pages\/623"}],"collection":[{"href":"http:\/\/szpitalpinczow.pl\/index.php?rest_route=\/wp\/v2\/pages"}],"about":[{"href":"http:\/\/szpitalpinczow.pl\/index.php?rest_route=\/wp\/v2\/types\/page"}],"author":[{"embeddable":true,"href":"http:\/\/szpitalpinczow.pl\/index.php?rest_route=\/wp\/v2\/users\/1"}],"replies":[{"embeddable":true,"href":"http:\/\/szpitalpinczow.pl\/index.php?rest_route=%2Fwp%2Fv2%2Fcomments&post=623"}],"version-history":[{"count":1,"href":"http:\/\/szpitalpinczow.pl\/index.php?rest_route=\/wp\/v2\/pages\/623\/revisions"}],"predecessor-version":[{"id":624,"href":"http:\/\/szpitalpinczow.pl\/index.php?rest_route=\/wp\/v2\/pages\/623\/revisions\/624"}],"wp:attachment":[{"href":"http:\/\/szpitalpinczow.pl\/index.php?rest_route=%2Fwp%2Fv2%2Fmedia&parent=623"}],"curies":[{"name":"wp","href":"https:\/\/api.w.org\/{rel}","templated":true}]}}