{"id":528,"date":"2018-04-20T07:03:12","date_gmt":"2018-04-20T07:03:12","guid":{"rendered":"http:\/\/szpitalpinczow.pl\/?page_id=528"},"modified":"2024-05-29T09:22:18","modified_gmt":"2024-05-29T09:22:18","slug":"kontrola-zarzadcza","status":"publish","type":"page","link":"http:\/\/szpitalpinczow.pl\/?page_id=528","title":{"rendered":"Kontrola zarz\u0105dcza"},"content":{"rendered":"<p><strong><a href=\"http:\/\/szpitalpinczow.pl\/wp-content\/uploads\/2019\/03\/kontrola-zarzadcza2018.pdf\">O\u015bwiadczenie o stanie kontroli zarz\u0105dczej DYREKTORA OPIEKI ZDROWOTNEJ W PI\u0143CZOWIE za rok 2017.pdf<\/a><\/strong><\/p>\n<p><strong><a href=\"http:\/\/szpitalpinczow.pl\/wp-content\/uploads\/2019\/03\/kontrola-zarzadcza2018.pdf\">O\u015bwiadczenie o stanie kontroli zarz\u0105dczej DYREKTORA OPIEKI ZDROWOTNEJ W PI\u0143CZOWIE za rok 2018.pdf<\/a><\/strong><\/p>\n<p><strong><a href=\"http:\/\/szpitalpinczow.pl\/wp-content\/uploads\/2020\/06\/Scan_20200618_083659.pdf\">O\u015bwiadczenie o stanie kontroli zarz\u0105dczej DYREKTORA OPIEKI ZDROWOTNEJ W PI\u0143CZOWIE za rok 2019.pdf<\/a><\/strong><\/p>\n<p><strong><a href=\"http:\/\/szpitalpinczow.pl\/?attachment_id=897\">O\u015bwiadczenie o stanie kontroli zarz\u0105dczej DYREKTORA OPIEKI ZDROWOTNEJ W PI\u0143CZOWIE za rok 2020.pdf<\/a><\/strong><\/p>\n<p><strong><a href=\"http:\/\/szpitalpinczow.pl\/wp-content\/uploads\/2024\/05\/Stan-kontroli-zarzadczej-za-rok-2022.pdf\">O\u015bwiadczenie o stanie kontroli zarz\u0105dczej DYREKTORA OPIEKI ZDROWOTNEJ W PI\u0143CZOWIE za rok 2022.pdf<\/a><\/strong><\/p>\n<p><strong><a href=\"http:\/\/szpitalpinczow.pl\/wp-content\/uploads\/2024\/05\/Stan-kontroli-zarzadczej-za-rok-2023.pdf\">O\u015bwiadczenie o stanie kontroli zarz\u0105dczej DYREKTORA OPIEKI ZDROWOTNEJ W PI\u0143CZOWIE za rok 2023.pdf<\/a><\/strong><\/p>\n","protected":false},"excerpt":{"rendered":"<p>O\u015bwiadczenie o stanie kontroli zarz\u0105dczej DYREKTORA OPIEKI ZDROWOTNEJ W PI\u0143CZOWIE za rok 2017.pdf O\u015bwiadczenie o stanie kontroli zarz\u0105dczej DYREKTORA OPIEKI ZDROWOTNEJ W PI\u0143CZOWIE za rok 2018.pdf O\u015bwiadczenie o stanie kontroli zarz\u0105dczej DYREKTORA OPIEKI ZDROWOTNEJ W PI\u0143CZOWIE za rok 2019.pdf O\u015bwiadczenie&hellip;&nbsp;<a href=\"http:\/\/szpitalpinczow.pl\/?page_id=528\" class=\"more-link\">Read More<\/a><\/p>\n","protected":false},"author":1,"featured_media":0,"parent":0,"menu_order":0,"comment_status":"closed","ping_status":"closed","template":"","meta":[],"_links":{"self":[{"href":"http:\/\/szpitalpinczow.pl\/index.php?rest_route=\/wp\/v2\/pages\/528"}],"collection":[{"href":"http:\/\/szpitalpinczow.pl\/index.php?rest_route=\/wp\/v2\/pages"}],"about":[{"href":"http:\/\/szpitalpinczow.pl\/index.php?rest_route=\/wp\/v2\/types\/page"}],"author":[{"embeddable":true,"href":"http:\/\/szpitalpinczow.pl\/index.php?rest_route=\/wp\/v2\/users\/1"}],"replies":[{"embeddable":true,"href":"http:\/\/szpitalpinczow.pl\/index.php?rest_route=%2Fwp%2Fv2%2Fcomments&post=528"}],"version-history":[{"count":10,"href":"http:\/\/szpitalpinczow.pl\/index.php?rest_route=\/wp\/v2\/pages\/528\/revisions"}],"predecessor-version":[{"id":2151,"href":"http:\/\/szpitalpinczow.pl\/index.php?rest_route=\/wp\/v2\/pages\/528\/revisions\/2151"}],"wp:attachment":[{"href":"http:\/\/szpitalpinczow.pl\/index.php?rest_route=%2Fwp%2Fv2%2Fmedia&parent=528"}],"curies":[{"name":"wp","href":"https:\/\/api.w.org\/{rel}","templated":true}]}}