{"id":1106,"date":"2023-02-08T07:54:28","date_gmt":"2023-02-08T07:54:28","guid":{"rendered":"http:\/\/szpitalpinczow.pl\/?page_id=1106"},"modified":"2023-02-08T07:54:28","modified_gmt":"2023-02-08T07:54:28","slug":"harmonogram-pracy-poradni-chirurgicznej","status":"publish","type":"page","link":"http:\/\/szpitalpinczow.pl\/?page_id=1106","title":{"rendered":"Harmonogram pracy Poradni Chirurgicznej"},"content":{"rendered":"<p>Szanowni Pacjenci!<\/p>\n<p>Uprzejmie informujemy, \u017ce Poradnia Chirurgiczna ZOZ w Pi\u0144czowie udziela \u015bwiadcze\u0144 zgodnie z poni\u017cej przedstawionym harmonogramem pracy.<\/p>\n<p>&nbsp;<\/p>\n<p><a href=\"https:\/\/i2.wp.com\/szpitalpinczow.pl\/wp-content\/uploads\/2023\/02\/Scan_20230208_085642.jpg\"><img data-attachment-id=\"1107\" data-permalink=\"http:\/\/szpitalpinczow.pl\/?attachment_id=1107\" data-orig-file=\"https:\/\/i2.wp.com\/szpitalpinczow.pl\/wp-content\/uploads\/2023\/02\/Scan_20230208_085642.jpg?fit=2481%2C3507\" data-orig-size=\"2481,3507\" data-comments-opened=\"1\" data-image-meta=\"{&quot;aperture&quot;:&quot;0&quot;,&quot;credit&quot;:&quot;&quot;,&quot;camera&quot;:&quot;&quot;,&quot;caption&quot;:&quot;&quot;,&quot;created_timestamp&quot;:&quot;0&quot;,&quot;copyright&quot;:&quot;&quot;,&quot;focal_length&quot;:&quot;0&quot;,&quot;iso&quot;:&quot;0&quot;,&quot;shutter_speed&quot;:&quot;0&quot;,&quot;title&quot;:&quot;&quot;,&quot;orientation&quot;:&quot;0&quot;}\" data-image-title=\"Scan_20230208_085642\" data-image-description=\"\" data-medium-file=\"https:\/\/i2.wp.com\/szpitalpinczow.pl\/wp-content\/uploads\/2023\/02\/Scan_20230208_085642.jpg?fit=212%2C300\" data-large-file=\"https:\/\/i2.wp.com\/szpitalpinczow.pl\/wp-content\/uploads\/2023\/02\/Scan_20230208_085642.jpg?fit=640%2C905\" decoding=\"async\" loading=\"lazy\" class=\"alignnone size-full wp-image-1107\" src=\"https:\/\/i2.wp.com\/szpitalpinczow.pl\/wp-content\/uploads\/2023\/02\/Scan_20230208_085642.jpg?resize=640%2C905\" alt=\"\" width=\"640\" height=\"905\" srcset=\"https:\/\/i2.wp.com\/szpitalpinczow.pl\/wp-content\/uploads\/2023\/02\/Scan_20230208_085642.jpg?w=2481 2481w, https:\/\/i2.wp.com\/szpitalpinczow.pl\/wp-content\/uploads\/2023\/02\/Scan_20230208_085642.jpg?resize=212%2C300 212w, https:\/\/i2.wp.com\/szpitalpinczow.pl\/wp-content\/uploads\/2023\/02\/Scan_20230208_085642.jpg?resize=768%2C1086 768w, https:\/\/i2.wp.com\/szpitalpinczow.pl\/wp-content\/uploads\/2023\/02\/Scan_20230208_085642.jpg?resize=724%2C1024 724w, https:\/\/i2.wp.com\/szpitalpinczow.pl\/wp-content\/uploads\/2023\/02\/Scan_20230208_085642.jpg?resize=191%2C270 191w, https:\/\/i2.wp.com\/szpitalpinczow.pl\/wp-content\/uploads\/2023\/02\/Scan_20230208_085642.jpg?w=1280 1280w, https:\/\/i2.wp.com\/szpitalpinczow.pl\/wp-content\/uploads\/2023\/02\/Scan_20230208_085642.jpg?w=1920 1920w\" sizes=\"(max-width: 640px) 100vw, 640px\" data-recalc-dims=\"1\" \/><\/a><\/p>\n","protected":false},"excerpt":{"rendered":"<p>Szanowni Pacjenci! Uprzejmie informujemy, \u017ce Poradnia Chirurgiczna ZOZ w Pi\u0144czowie udziela \u015bwiadcze\u0144 zgodnie z poni\u017cej przedstawionym harmonogramem pracy. &nbsp;<\/p>\n","protected":false},"author":1,"featured_media":0,"parent":0,"menu_order":0,"comment_status":"closed","ping_status":"closed","template":"","meta":[],"_links":{"self":[{"href":"http:\/\/szpitalpinczow.pl\/index.php?rest_route=\/wp\/v2\/pages\/1106"}],"collection":[{"href":"http:\/\/szpitalpinczow.pl\/index.php?rest_route=\/wp\/v2\/pages"}],"about":[{"href":"http:\/\/szpitalpinczow.pl\/index.php?rest_route=\/wp\/v2\/types\/page"}],"author":[{"embeddable":true,"href":"http:\/\/szpitalpinczow.pl\/index.php?rest_route=\/wp\/v2\/users\/1"}],"replies":[{"embeddable":true,"href":"http:\/\/szpitalpinczow.pl\/index.php?rest_route=%2Fwp%2Fv2%2Fcomments&post=1106"}],"version-history":[{"count":1,"href":"http:\/\/szpitalpinczow.pl\/index.php?rest_route=\/wp\/v2\/pages\/1106\/revisions"}],"predecessor-version":[{"id":1108,"href":"http:\/\/szpitalpinczow.pl\/index.php?rest_route=\/wp\/v2\/pages\/1106\/revisions\/1108"}],"wp:attachment":[{"href":"http:\/\/szpitalpinczow.pl\/index.php?rest_route=%2Fwp%2Fv2%2Fmedia&parent=1106"}],"curies":[{"name":"wp","href":"https:\/\/api.w.org\/{rel}","templated":true}]}}