{"id":109,"date":"2018-02-01T12:29:39","date_gmt":"2018-02-01T12:29:39","guid":{"rendered":"http:\/\/szpitalpinczow.pl\/?page_id=109"},"modified":"2024-04-05T06:40:43","modified_gmt":"2024-04-05T06:40:43","slug":"poradnia-diabetologiczna","status":"publish","type":"page","link":"http:\/\/szpitalpinczow.pl\/?page_id=109","title":{"rendered":"Poradnia Diabetologiczna"},"content":{"rendered":"<p>Terminarz pracy Poradni Diabetologii<\/p>\n<table width=\"194\" cellspacing=\"1\" cellpadding=\"2\">\n<colgroup>\n<col width=\"90\" \/>\n<col width=\"42\" \/>\n<col width=\"43\" \/> <\/colgroup>\n<tbody>\n<tr>\n<th width=\"90\">\u00a0Poniedzia\u0142ek<\/th>\n<td width=\"42\">\u00a010:00<\/td>\n<td width=\"43\">\u00a014:35<\/td>\n<\/tr>\n<tr>\n<th width=\"90\">\u00a0\u015aroda<\/th>\n<td width=\"42\">\u00a010:00<\/td>\n<td width=\"43\">\u00a014:35<\/td>\n<\/tr>\n<tr>\n<th width=\"90\">\u00a0Pi\u0105tek<\/th>\n<td width=\"42\">\u00a010:00<\/td>\n<td width=\"43\">\u00a014:35<\/td>\n<\/tr>\n<\/tbody>\n<\/table>\n<p><strong>Rejestracja do poradni<\/strong><br \/>\ntel. (41) 357 30 31 wew. 525<\/p>\n<p><strong>Lekarze:<\/strong><\/p>\n<p>Maria Chod\u00f3r &#8211; Specjalista w zakresie chor\u00f3b wewn\u0119trznych i diabetologii<\/p>\n","protected":false},"excerpt":{"rendered":"<p>Terminarz pracy Poradni Diabetologii \u00a0Poniedzia\u0142ek \u00a010:00 \u00a014:35 \u00a0\u015aroda \u00a010:00 \u00a014:35 \u00a0Pi\u0105tek \u00a010:00 \u00a014:35 Rejestracja do poradni tel. (41) 357 30 31 wew. 525 Lekarze: Maria Chod\u00f3r &#8211; Specjalista w zakresie chor\u00f3b wewn\u0119trznych i diabetologii<\/p>\n","protected":false},"author":1,"featured_media":0,"parent":0,"menu_order":0,"comment_status":"closed","ping_status":"closed","template":"","meta":[],"_links":{"self":[{"href":"http:\/\/szpitalpinczow.pl\/index.php?rest_route=\/wp\/v2\/pages\/109"}],"collection":[{"href":"http:\/\/szpitalpinczow.pl\/index.php?rest_route=\/wp\/v2\/pages"}],"about":[{"href":"http:\/\/szpitalpinczow.pl\/index.php?rest_route=\/wp\/v2\/types\/page"}],"author":[{"embeddable":true,"href":"http:\/\/szpitalpinczow.pl\/index.php?rest_route=\/wp\/v2\/users\/1"}],"replies":[{"embeddable":true,"href":"http:\/\/szpitalpinczow.pl\/index.php?rest_route=%2Fwp%2Fv2%2Fcomments&post=109"}],"version-history":[{"count":5,"href":"http:\/\/szpitalpinczow.pl\/index.php?rest_route=\/wp\/v2\/pages\/109\/revisions"}],"predecessor-version":[{"id":1853,"href":"http:\/\/szpitalpinczow.pl\/index.php?rest_route=\/wp\/v2\/pages\/109\/revisions\/1853"}],"wp:attachment":[{"href":"http:\/\/szpitalpinczow.pl\/index.php?rest_route=%2Fwp%2Fv2%2Fmedia&parent=109"}],"curies":[{"name":"wp","href":"https:\/\/api.w.org\/{rel}","templated":true}]}}