{"id":1088,"date":"2023-02-06T06:45:10","date_gmt":"2023-02-06T06:45:10","guid":{"rendered":"http:\/\/szpitalpinczow.pl\/?page_id=1088"},"modified":"2026-01-07T19:16:55","modified_gmt":"2026-01-07T19:16:55","slug":"poradnia-anestezjologiczna","status":"publish","type":"page","link":"http:\/\/szpitalpinczow.pl\/?page_id=1088","title":{"rendered":"Poradnia Anestezjologiczna"},"content":{"rendered":"<h2 style=\"text-align: center;\"><strong>Zesp\u00f3\u0142 Opieki Zdrowotnej w Pi\u0144czowie<\/strong><\/h2>\n<h2 class=\"rteleft\" style=\"text-align: center;\">Poradnia Anestezjologiczna<\/h2>\n<p><strong>KONSULTACJA W ZAKRESIE KWALIFIKACJI DO WYKONANIA ZNIECZULENIA DO ZABIEGU OPERACYJNEGO, DIAGNOSTYCZNEGO LUB LECZNICZEGO W PORADNI ANESTEZJOLOGICZNEJ<\/strong><\/p>\n<p><strong>&nbsp;<\/strong><strong>Lekarz koordynuj\u0105cy \u2013 Piotr Smurzy\u0144ski<\/strong><\/p>\n<p><em>[Informacja dotyczy kwalifikacji do zabieg\u00f3w realizowanych w Oddziale Chirurgicznym]<\/em><\/p>\n<p>Anestezjologiczna poradnia kwalifikacyjna znajduje si\u0119 na <strong>przy<\/strong> <strong>poradniach specjalistycznych Zespo\u0142u Opieki Zdrowotnej w Pi\u0144czowie<\/strong> i czynna jest od poniedzia\u0142ku do pi\u0105tku w godzinach&nbsp;<strong>10:00<\/strong>&#8211;<strong>14:30<\/strong>.<\/p>\n<p>W celu ustalenia terminu konsultacji anestezjologicznej nale\u017cy kontaktowa\u0107 si\u0119 z Rejestracj\u0105 Og\u00f3ln\u0105 Szpitala \u2013 osobi\u015bcie lub telefonicznie: <strong>tel: (41) 357-30-31 wew 525<\/strong><\/p>\n<p>Zesp\u00f3\u0142 anestezjolog\u00f3w prowadzi kwalifikacj\u0119 pacjent\u00f3w do zabieg\u00f3w operacyjnych w trybie planowym. Celem konsultacji anestezjologicznej jest optymalizacja stanu zdrowia pacjenta pod k\u0105tem znieczulenia, poinformowanie chorego o metodach znieczulenia, czynno\u015bciach dodatkowych zwi\u0105zanych z wykonywanymi procedurami oraz mo\u017cliwych powik\u0142aniach.<\/p>\n<p>Kwalifikacja anestezjologiczna w&nbsp;<strong>Poradni Anestezjologicznej<\/strong>&nbsp;odbywa si\u0119 oko\u0142o&nbsp;<strong>8-14 dni przed planowanym przyj\u0119ciem do szpitala&nbsp;<\/strong><span style=\"color: #c40000;\"><strong>na podstawie skierowania do szpitala z potwierdzonym terminem przyj\u0119cia do oddzia\u0142u oraz wynik\u00f3w bada\u0144&nbsp;<u>zleconych przez lekarza oddzia\u0142u zabiegowego.<\/u><\/strong><\/span><\/p>\n<ul>\n<li>W&nbsp;przypadku zabieg\u00f3w wykonywanych w trybie: przy\u015bpieszonym, pilnym lub natychmiastowym kwalifikacj\u0119 do znieczulenia przeprowadza anestezjolog dy\u017curny.<\/li>\n<\/ul>\n<p>Pacjent po uzyskaniu wyczerpuj\u0105cych informacji wyra\u017ca \u015bwiadom\u0105 zgod\u0119 na wykonanie proponowanego rodzaju znieczulenia.<\/p>\n<p>Na konsultacj\u0119 anestezjologiczn\u0105 pacjent powinien zabra\u0107:<\/p>\n<ul>\n<li>kompletn\u0105 dokumentacj\u0119 medyczn\u0105 (dotycz\u0105c\u0105 chor\u00f3b dodatkowych i pobyt\u00f3w w szpitalu);<\/li>\n<li>list\u0119 przyjmowanych lek\u00f3w;<\/li>\n<li>wyniki bada\u0144;<\/li>\n<li><strong>Uwaga: <span style=\"color: #c40000;\">pacjenci nie posiadaj\u0105cy aktualnego kompletu wynik\u00f3w wymaganych bada\u0144 nie b\u0119d\u0105 przyjmowani w Poradni Anestezjologicznej.<\/span><\/strong><\/li>\n<li><strong>Obowi\u0105zkowy komplet bada\u0144 zawiera<\/strong>: morfologia krwi, poziom elektrolit\u00f3w (s\u00f3d, potas), st\u0119\u017cenie kreatyniny w surowicy krwi, st\u0119\u017cenie glukozy we krwi, badanie uk\u0142adu krzepni\u0119cia (APTT, INR), EKG u chorych pow. 30 r.\u017c, RTG klatki piersiowej u chorych powy\u017cej 40 r.\u017c. [EKG oraz RTG klatki piersiowej&nbsp;<u>obowi\u0105zkowe<\/u>, je\u017celi wyst\u0119puj\u0105 choroby uk\u0142adu oddechowego lub serca].<\/li>\n<li><strong>Badania laboratoryjne musz\u0105 by\u0107 wykonane nie wczesniej ni\u017c 14 dni przed planowanym zabiegiem!<\/strong><\/li>\n<li>wyniki zleconych konsultacji specjalistycznych [je\u015bli mia\u0142y miejsce];<\/li>\n<li>wype\u0142nion\u0105 ankiet\u0119 wraz ze zgod\u0105 na znieczulenie dotycz\u0105c\u0105 stanu zdrowia oraz historii chor\u00f3b.<br \/>\nFormularz do uzyskania w Rejestracji Og\u00f3lnej Poradni Specjalistycznych, Poradni Anestezjologicznej lub online ze strony internetowej szpitala.<\/li>\n<li>Dodatkowo, w Rejestracji Og\u00f3lnej \/ Poradni Anestezjologicznej lub online ze strony szpitala chorzy otrzymaj\u0105 pisemn\u0105 informacj\u0119:<\/li>\n<\/ul>\n<p><span style=\"color: #935800;\"><strong><a style=\"color: #935800;\" href=\"http:\/\/szpitalpinczow.pl\/wp-content\/uploads\/2023\/02\/Za\u0142\u0105cznik-1.pdf\">Za\u0142\u0105cznik 1 &#8211; przedoperacyjny kwestionariusz<\/a><\/strong><\/span><\/p>\n<p><span style=\"color: #935800;\"><strong><a style=\"color: #935800;\" href=\"http:\/\/szpitalpinczow.pl\/wp-content\/uploads\/2023\/02\/Za\u0142\u0105cznik-2.pdf\">Za\u0142\u0105cznik 2 &#8211; przed znieczuleniem<\/a><\/strong><\/span><\/p>\n<p><span style=\"color: #935800;\"><strong><a style=\"color: #935800;\" href=\"http:\/\/szpitalpinczow.pl\/wp-content\/uploads\/2023\/02\/Za\u0142\u0105cznik-3.pdf\">Za\u0142\u0105cznik 3 &#8211; rodzaje znieczulenia<\/a><\/strong><\/span><\/p>\n<p><strong>Za\u0142\u0105czniki prosimy drukowa\u0107 jednostronnie<\/strong><\/p>\n<p>Chorzy prowadzeni w POZ\/poradni specjalistycznej powinni przedstawi\u0107 za\u015bwiadczenie od lekarza prowadz\u0105cego, zawieraj\u0105ce:<\/p>\n<ul>\n<li>zwi\u0119z\u0142\u0105 informacj\u0119 o historii chor\u00f3b pacjenta;<\/li>\n<li>wyniki istotnych bada\u0144 dodatkowych (EKG, USG, USG serca);<\/li>\n<li>informacj\u0119 o aktualnym leczeniu;<\/li>\n<li>informacj\u0119 o ewentualnych przeciwwskazaniach do planowanego zabiegu.<\/li>\n<\/ul>\n<p>W przypadku za\u017cywania doustnych lek\u00f3w wp\u0142ywaj\u0105cych na krzepni\u0119cie krwi, nale\u017cy skonsultowa\u0107 si\u0119 z kardiologiem lub lekarzem prowadz\u0105cym pod k\u0105tem mo\u017cliwo\u015bci ich odstawienia przed operacj\u0105.<\/p>\n<p>Pacjenci posiadaj\u0105cy stenty naczyniowe kontynuuj\u0105 przyjmowanie preparat\u00f3w przeciwp\u0142ytkowych (np. Acard, Aclotin, Plavix) w okresie oko\u0142ooperacyjnym.<\/p>\n<p>Nale\u017cy odstawi\u0107 przed zabiegiem preparaty zio\u0142owe oraz suplementy diety.<\/p>\n<p>W przypadku kwalifikacji dzieci do 18 r.\u017c. lub os\u00f3b ubezw\u0142asnowolnionych do zabieg\u00f3w operacyjnych, konieczna jest obecno\u015b\u0107 rodzica\/opiekuna prawnego, kt\u00f3ry po uzyskaniu wyczerpuj\u0105cych informacji dot. znieczulenia oraz ryzyka ewentualnych powik\u0142a\u0144, wyra\u017ca \u015bwiadom\u0105 zgod\u0119 na wykonanie proponowanego rodzaju znieczulenia.<\/p>\n<p>Do kwalifikacji dzieci wymagana jest opinia lekarza pediatry o stanie zdrowia dziecka.<\/p>\n<p><strong><u>Podstawa prawna:<\/u><\/strong><\/p>\n<p>Rozporz\u0105dzenie Ministra Zdrowia z dnia 6 listopada 2013r. w sprawie \u015bwiadcze\u0144 gwarantowanych z zakresu ambulatoryjnej opieki specjalistycznej (Dz.U. 2016 poz. 357 z p\u00f3\u017an. zm.),<\/p>\n<p>Zarz\u0105dzenie Nr 14\/2018\/DSOZ Prezesa Narodowego Funduszu Zdrowia z dnia 22 lutego 2018r. zmieniaj\u0105ce zarz\u0105dzenie w sprawie okre\u015blenia warunk\u00f3w zawierania i realizacji um\u00f3w w rodzaju leczenie szpitalne,<\/p>\n<p>Zarz\u0105dzenie Nr 66\/2018\/DSOZ Prezesa Narodowego Funduszu Zdrowia z dnia 29 czerwca 2018r. w sprawie okre\u015blenia warunk\u00f3w zawierania i realizacji um\u00f3w w rodzaju leczenie szpitalne oraz leczenie szpitalne &#8211; \u015bwiadczenia wysokospecjalistyczne.<\/p>\n<p><strong>&nbsp;<\/strong><\/p>\n<p><strong>&nbsp;<\/strong><\/p>\n","protected":false},"excerpt":{"rendered":"<p>Zesp\u00f3\u0142 Opieki Zdrowotnej w Pi\u0144czowie Poradnia Anestezjologiczna KONSULTACJA W ZAKRESIE KWALIFIKACJI DO WYKONANIA ZNIECZULENIA DO ZABIEGU OPERACYJNEGO, DIAGNOSTYCZNEGO LUB LECZNICZEGO W PORADNI ANESTEZJOLOGICZNEJ &nbsp;Lekarz koordynuj\u0105cy \u2013 Piotr Smurzy\u0144ski [Informacja dotyczy kwalifikacji do zabieg\u00f3w realizowanych w Oddziale Chirurgicznym] Anestezjologiczna poradnia kwalifikacyjna&hellip;&nbsp;<a href=\"http:\/\/szpitalpinczow.pl\/?page_id=1088\" class=\"more-link\">Read More<\/a><\/p>\n","protected":false},"author":1,"featured_media":0,"parent":107,"menu_order":1,"comment_status":"closed","ping_status":"closed","template":"","meta":[],"_links":{"self":[{"href":"http:\/\/szpitalpinczow.pl\/index.php?rest_route=\/wp\/v2\/pages\/1088"}],"collection":[{"href":"http:\/\/szpitalpinczow.pl\/index.php?rest_route=\/wp\/v2\/pages"}],"about":[{"href":"http:\/\/szpitalpinczow.pl\/index.php?rest_route=\/wp\/v2\/types\/page"}],"author":[{"embeddable":true,"href":"http:\/\/szpitalpinczow.pl\/index.php?rest_route=\/wp\/v2\/users\/1"}],"replies":[{"embeddable":true,"href":"http:\/\/szpitalpinczow.pl\/index.php?rest_route=%2Fwp%2Fv2%2Fcomments&post=1088"}],"version-history":[{"count":8,"href":"http:\/\/szpitalpinczow.pl\/index.php?rest_route=\/wp\/v2\/pages\/1088\/revisions"}],"predecessor-version":[{"id":5190,"href":"http:\/\/szpitalpinczow.pl\/index.php?rest_route=\/wp\/v2\/pages\/1088\/revisions\/5190"}],"up":[{"embeddable":true,"href":"http:\/\/szpitalpinczow.pl\/index.php?rest_route=\/wp\/v2\/pages\/107"}],"wp:attachment":[{"href":"http:\/\/szpitalpinczow.pl\/index.php?rest_route=%2Fwp%2Fv2%2Fmedia&parent=1088"}],"curies":[{"name":"wp","href":"https:\/\/api.w.org\/{rel}","templated":true}]}}