{"id":1067,"date":"2023-02-01T09:25:59","date_gmt":"2023-02-01T09:25:59","guid":{"rendered":"http:\/\/szpitalpinczow.pl\/?page_id=1067"},"modified":"2023-02-01T09:25:59","modified_gmt":"2023-02-01T09:25:59","slug":"spotkanie-z-wojewoda-swietokrzyskim-zbigniewem-koniuszem","status":"publish","type":"page","link":"http:\/\/szpitalpinczow.pl\/?page_id=1067","title":{"rendered":"Spotkanie z Wojewod\u0105 \u015awi\u0119tokrzyskim Zbigniewem Koniuszem"},"content":{"rendered":"<div class=\"mail-detail-content plain-text noI18n colorQuoted simple-mail\" role=\"complementary\" aria-label=\"Tekst poprawiony\">\n<div>Dnia 30 stycznia 2023 r. odby\u0142o si\u0119 spotkanie z Wojewod\u0105 \u015awi\u0119tokrzyskim Zbigniewem Koniuszem w celu<\/div>\n<div>podsumowania inwestycji w Zespole Opieki Zdrowotnej w Pi\u0144czowie w 2022 roku. W spotkaniu uczestniczyli:<\/div>\n<div>Starosta Pi\u0144czowski Zbigniew Kierkowski, cz\u0142onkowie Rady Spo\u0142ecznej, cz\u0142onkowie Komisji Zdrowia oraz Dyrekcja<\/div>\n<div>i pracownicy ZOZ w Pi\u0144czowie.<\/div>\n<div>Zaproszeni go\u015bcie zwiedzili Pracowni\u0119 Fizjoterapii oraz Pracowni\u0119 Endoskopii, kt\u00f3re zosta\u0142y wyposa\u017cone w nowoczesny<\/div>\n<div>sprz\u0119t medyczny za \u015brodki finansowe otrzymane od Wojewody \u015awi\u0119tokrzyskiego z Funduszu Przeciwdzia\u0142ania COVID-19<\/div>\n<div>w kwocie 820 120,00 z\u0142. oraz dotacje od organu za\u0142o\u017cycielskiego \u2013 powiatu pi\u0144czowskiego w wysoko\u015bci 1 020 000,00 z\u0142.<\/div>\n<div>Dzi\u0119kujemy wszystkim, kt\u00f3rym le\u017cy na sercu dobro pi\u0144czowskiego Szpitala i leczonych pacjent\u00f3w.<\/div>\n<div>Zapraszamy do obejrzenia fotorelacji:<\/div>\n<div><a href=\"https:\/\/i1.wp.com\/szpitalpinczow.pl\/wp-content\/uploads\/2023\/02\/1675090655466.jpg\"><img data-attachment-id=\"1070\" data-permalink=\"http:\/\/szpitalpinczow.pl\/?attachment_id=1070\" data-orig-file=\"https:\/\/i1.wp.com\/szpitalpinczow.pl\/wp-content\/uploads\/2023\/02\/1675090655466.jpg?fit=4624%2C3472\" data-orig-size=\"4624,3472\" data-comments-opened=\"1\" data-image-meta=\"{&quot;aperture&quot;:&quot;0&quot;,&quot;credit&quot;:&quot;&quot;,&quot;camera&quot;:&quot;&quot;,&quot;caption&quot;:&quot;&quot;,&quot;created_timestamp&quot;:&quot;0&quot;,&quot;copyright&quot;:&quot;&quot;,&quot;focal_length&quot;:&quot;0&quot;,&quot;iso&quot;:&quot;0&quot;,&quot;shutter_speed&quot;:&quot;0&quot;,&quot;title&quot;:&quot;&quot;,&quot;orientation&quot;:&quot;1&quot;}\" data-image-title=\"1675090655466\" data-image-description=\"\" data-medium-file=\"https:\/\/i1.wp.com\/szpitalpinczow.pl\/wp-content\/uploads\/2023\/02\/1675090655466.jpg?fit=300%2C225\" data-large-file=\"https:\/\/i1.wp.com\/szpitalpinczow.pl\/wp-content\/uploads\/2023\/02\/1675090655466.jpg?fit=640%2C481\" decoding=\"async\" loading=\"lazy\" class=\"alignnone size-full wp-image-1070\" src=\"https:\/\/i1.wp.com\/szpitalpinczow.pl\/wp-content\/uploads\/2023\/02\/1675090655466.jpg?resize=640%2C481\" alt=\"\" width=\"640\" height=\"481\" srcset=\"https:\/\/i1.wp.com\/szpitalpinczow.pl\/wp-content\/uploads\/2023\/02\/1675090655466.jpg?w=4624 4624w, https:\/\/i1.wp.com\/szpitalpinczow.pl\/wp-content\/uploads\/2023\/02\/1675090655466.jpg?resize=300%2C225 300w, https:\/\/i1.wp.com\/szpitalpinczow.pl\/wp-content\/uploads\/2023\/02\/1675090655466.jpg?resize=768%2C577 768w, https:\/\/i1.wp.com\/szpitalpinczow.pl\/wp-content\/uploads\/2023\/02\/1675090655466.jpg?resize=1024%2C769 1024w, https:\/\/i1.wp.com\/szpitalpinczow.pl\/wp-content\/uploads\/2023\/02\/1675090655466.jpg?resize=360%2C270 360w, https:\/\/i1.wp.com\/szpitalpinczow.pl\/wp-content\/uploads\/2023\/02\/1675090655466.jpg?w=1280 1280w, https:\/\/i1.wp.com\/szpitalpinczow.pl\/wp-content\/uploads\/2023\/02\/1675090655466.jpg?w=1920 1920w\" sizes=\"(max-width: 640px) 100vw, 640px\" data-recalc-dims=\"1\" \/><\/a><a href=\"https:\/\/i0.wp.com\/szpitalpinczow.pl\/wp-content\/uploads\/2023\/02\/1675090655223.jpg\"><img data-attachment-id=\"1068\" data-permalink=\"http:\/\/szpitalpinczow.pl\/?attachment_id=1068\" data-orig-file=\"https:\/\/i0.wp.com\/szpitalpinczow.pl\/wp-content\/uploads\/2023\/02\/1675090655223.jpg?fit=4624%2C3472\" data-orig-size=\"4624,3472\" data-comments-opened=\"1\" data-image-meta=\"{&quot;aperture&quot;:&quot;0&quot;,&quot;credit&quot;:&quot;&quot;,&quot;camera&quot;:&quot;&quot;,&quot;caption&quot;:&quot;&quot;,&quot;created_timestamp&quot;:&quot;0&quot;,&quot;copyright&quot;:&quot;&quot;,&quot;focal_length&quot;:&quot;0&quot;,&quot;iso&quot;:&quot;0&quot;,&quot;shutter_speed&quot;:&quot;0&quot;,&quot;title&quot;:&quot;&quot;,&quot;orientation&quot;:&quot;1&quot;}\" data-image-title=\"1675090655223\" data-image-description=\"\" data-medium-file=\"https:\/\/i0.wp.com\/szpitalpinczow.pl\/wp-content\/uploads\/2023\/02\/1675090655223.jpg?fit=300%2C225\" data-large-file=\"https:\/\/i0.wp.com\/szpitalpinczow.pl\/wp-content\/uploads\/2023\/02\/1675090655223.jpg?fit=640%2C481\" decoding=\"async\" loading=\"lazy\" class=\"alignnone size-full wp-image-1068\" src=\"https:\/\/i0.wp.com\/szpitalpinczow.pl\/wp-content\/uploads\/2023\/02\/1675090655223.jpg?resize=640%2C481\" alt=\"\" width=\"640\" height=\"481\" srcset=\"https:\/\/i0.wp.com\/szpitalpinczow.pl\/wp-content\/uploads\/2023\/02\/1675090655223.jpg?w=4624 4624w, https:\/\/i0.wp.com\/szpitalpinczow.pl\/wp-content\/uploads\/2023\/02\/1675090655223.jpg?resize=300%2C225 300w, https:\/\/i0.wp.com\/szpitalpinczow.pl\/wp-content\/uploads\/2023\/02\/1675090655223.jpg?resize=768%2C577 768w, https:\/\/i0.wp.com\/szpitalpinczow.pl\/wp-content\/uploads\/2023\/02\/1675090655223.jpg?resize=1024%2C769 1024w, https:\/\/i0.wp.com\/szpitalpinczow.pl\/wp-content\/uploads\/2023\/02\/1675090655223.jpg?resize=360%2C270 360w, https:\/\/i0.wp.com\/szpitalpinczow.pl\/wp-content\/uploads\/2023\/02\/1675090655223.jpg?w=1280 1280w, https:\/\/i0.wp.com\/szpitalpinczow.pl\/wp-content\/uploads\/2023\/02\/1675090655223.jpg?w=1920 1920w\" sizes=\"(max-width: 640px) 100vw, 640px\" data-recalc-dims=\"1\" \/><\/a><a href=\"https:\/\/i0.wp.com\/szpitalpinczow.pl\/wp-content\/uploads\/2023\/02\/1675090659118.jpg\"><img data-attachment-id=\"1082\" data-permalink=\"http:\/\/szpitalpinczow.pl\/?attachment_id=1082\" data-orig-file=\"https:\/\/i0.wp.com\/szpitalpinczow.pl\/wp-content\/uploads\/2023\/02\/1675090659118.jpg?fit=3264%2C2448\" data-orig-size=\"3264,2448\" data-comments-opened=\"1\" data-image-meta=\"{&quot;aperture&quot;:&quot;0&quot;,&quot;credit&quot;:&quot;&quot;,&quot;camera&quot;:&quot;&quot;,&quot;caption&quot;:&quot;&quot;,&quot;created_timestamp&quot;:&quot;0&quot;,&quot;copyright&quot;:&quot;&quot;,&quot;focal_length&quot;:&quot;0&quot;,&quot;iso&quot;:&quot;0&quot;,&quot;shutter_speed&quot;:&quot;0&quot;,&quot;title&quot;:&quot;&quot;,&quot;orientation&quot;:&quot;1&quot;}\" data-image-title=\"1675090659118\" data-image-description=\"\" data-medium-file=\"https:\/\/i0.wp.com\/szpitalpinczow.pl\/wp-content\/uploads\/2023\/02\/1675090659118.jpg?fit=300%2C225\" data-large-file=\"https:\/\/i0.wp.com\/szpitalpinczow.pl\/wp-content\/uploads\/2023\/02\/1675090659118.jpg?fit=640%2C480\" decoding=\"async\" loading=\"lazy\" class=\"alignnone size-full wp-image-1082\" src=\"https:\/\/i0.wp.com\/szpitalpinczow.pl\/wp-content\/uploads\/2023\/02\/1675090659118.jpg?resize=640%2C480\" alt=\"\" width=\"640\" height=\"480\" srcset=\"https:\/\/i0.wp.com\/szpitalpinczow.pl\/wp-content\/uploads\/2023\/02\/1675090659118.jpg?w=3264 3264w, https:\/\/i0.wp.com\/szpitalpinczow.pl\/wp-content\/uploads\/2023\/02\/1675090659118.jpg?resize=300%2C225 300w, https:\/\/i0.wp.com\/szpitalpinczow.pl\/wp-content\/uploads\/2023\/02\/1675090659118.jpg?resize=768%2C576 768w, https:\/\/i0.wp.com\/szpitalpinczow.pl\/wp-content\/uploads\/2023\/02\/1675090659118.jpg?resize=1024%2C768 1024w, https:\/\/i0.wp.com\/szpitalpinczow.pl\/wp-content\/uploads\/2023\/02\/1675090659118.jpg?resize=360%2C270 360w, https:\/\/i0.wp.com\/szpitalpinczow.pl\/wp-content\/uploads\/2023\/02\/1675090659118.jpg?w=1280 1280w, https:\/\/i0.wp.com\/szpitalpinczow.pl\/wp-content\/uploads\/2023\/02\/1675090659118.jpg?w=1920 1920w\" sizes=\"(max-width: 640px) 100vw, 640px\" data-recalc-dims=\"1\" \/><\/a><a href=\"https:\/\/i1.wp.com\/szpitalpinczow.pl\/wp-content\/uploads\/2023\/02\/1675090656194.jpg\"><img data-attachment-id=\"1073\" data-permalink=\"http:\/\/szpitalpinczow.pl\/?attachment_id=1073\" data-orig-file=\"https:\/\/i1.wp.com\/szpitalpinczow.pl\/wp-content\/uploads\/2023\/02\/1675090656194.jpg?fit=4624%2C3472\" data-orig-size=\"4624,3472\" data-comments-opened=\"1\" data-image-meta=\"{&quot;aperture&quot;:&quot;0&quot;,&quot;credit&quot;:&quot;&quot;,&quot;camera&quot;:&quot;&quot;,&quot;caption&quot;:&quot;&quot;,&quot;created_timestamp&quot;:&quot;0&quot;,&quot;copyright&quot;:&quot;&quot;,&quot;focal_length&quot;:&quot;0&quot;,&quot;iso&quot;:&quot;0&quot;,&quot;shutter_speed&quot;:&quot;0&quot;,&quot;title&quot;:&quot;&quot;,&quot;orientation&quot;:&quot;1&quot;}\" data-image-title=\"1675090656194\" data-image-description=\"\" data-medium-file=\"https:\/\/i1.wp.com\/szpitalpinczow.pl\/wp-content\/uploads\/2023\/02\/1675090656194.jpg?fit=300%2C225\" data-large-file=\"https:\/\/i1.wp.com\/szpitalpinczow.pl\/wp-content\/uploads\/2023\/02\/1675090656194.jpg?fit=640%2C481\" decoding=\"async\" loading=\"lazy\" class=\"alignnone size-full wp-image-1073\" src=\"https:\/\/i1.wp.com\/szpitalpinczow.pl\/wp-content\/uploads\/2023\/02\/1675090656194.jpg?resize=640%2C481\" alt=\"\" width=\"640\" height=\"481\" srcset=\"https:\/\/i1.wp.com\/szpitalpinczow.pl\/wp-content\/uploads\/2023\/02\/1675090656194.jpg?w=4624 4624w, https:\/\/i1.wp.com\/szpitalpinczow.pl\/wp-content\/uploads\/2023\/02\/1675090656194.jpg?resize=300%2C225 300w, https:\/\/i1.wp.com\/szpitalpinczow.pl\/wp-content\/uploads\/2023\/02\/1675090656194.jpg?resize=768%2C577 768w, https:\/\/i1.wp.com\/szpitalpinczow.pl\/wp-content\/uploads\/2023\/02\/1675090656194.jpg?resize=1024%2C769 1024w, https:\/\/i1.wp.com\/szpitalpinczow.pl\/wp-content\/uploads\/2023\/02\/1675090656194.jpg?resize=360%2C270 360w, https:\/\/i1.wp.com\/szpitalpinczow.pl\/wp-content\/uploads\/2023\/02\/1675090656194.jpg?w=1280 1280w, https:\/\/i1.wp.com\/szpitalpinczow.pl\/wp-content\/uploads\/2023\/02\/1675090656194.jpg?w=1920 1920w\" sizes=\"(max-width: 640px) 100vw, 640px\" data-recalc-dims=\"1\" \/><\/a><a href=\"https:\/\/i0.wp.com\/szpitalpinczow.pl\/wp-content\/uploads\/2023\/02\/1675090657948.jpg\"><img data-attachment-id=\"1077\" data-permalink=\"http:\/\/szpitalpinczow.pl\/?attachment_id=1077\" data-orig-file=\"https:\/\/i0.wp.com\/szpitalpinczow.pl\/wp-content\/uploads\/2023\/02\/1675090657948.jpg?fit=4624%2C3472\" data-orig-size=\"4624,3472\" data-comments-opened=\"1\" data-image-meta=\"{&quot;aperture&quot;:&quot;0&quot;,&quot;credit&quot;:&quot;&quot;,&quot;camera&quot;:&quot;&quot;,&quot;caption&quot;:&quot;&quot;,&quot;created_timestamp&quot;:&quot;0&quot;,&quot;copyright&quot;:&quot;&quot;,&quot;focal_length&quot;:&quot;0&quot;,&quot;iso&quot;:&quot;0&quot;,&quot;shutter_speed&quot;:&quot;0&quot;,&quot;title&quot;:&quot;&quot;,&quot;orientation&quot;:&quot;1&quot;}\" data-image-title=\"1675090657948\" data-image-description=\"\" data-medium-file=\"https:\/\/i0.wp.com\/szpitalpinczow.pl\/wp-content\/uploads\/2023\/02\/1675090657948.jpg?fit=300%2C225\" data-large-file=\"https:\/\/i0.wp.com\/szpitalpinczow.pl\/wp-content\/uploads\/2023\/02\/1675090657948.jpg?fit=640%2C481\" decoding=\"async\" loading=\"lazy\" class=\"alignnone size-full wp-image-1077\" src=\"https:\/\/i0.wp.com\/szpitalpinczow.pl\/wp-content\/uploads\/2023\/02\/1675090657948.jpg?resize=640%2C481\" alt=\"\" width=\"640\" height=\"481\" srcset=\"https:\/\/i0.wp.com\/szpitalpinczow.pl\/wp-content\/uploads\/2023\/02\/1675090657948.jpg?w=4624 4624w, https:\/\/i0.wp.com\/szpitalpinczow.pl\/wp-content\/uploads\/2023\/02\/1675090657948.jpg?resize=300%2C225 300w, https:\/\/i0.wp.com\/szpitalpinczow.pl\/wp-content\/uploads\/2023\/02\/1675090657948.jpg?resize=768%2C577 768w, https:\/\/i0.wp.com\/szpitalpinczow.pl\/wp-content\/uploads\/2023\/02\/1675090657948.jpg?resize=1024%2C769 1024w, https:\/\/i0.wp.com\/szpitalpinczow.pl\/wp-content\/uploads\/2023\/02\/1675090657948.jpg?resize=360%2C270 360w, https:\/\/i0.wp.com\/szpitalpinczow.pl\/wp-content\/uploads\/2023\/02\/1675090657948.jpg?w=1280 1280w, https:\/\/i0.wp.com\/szpitalpinczow.pl\/wp-content\/uploads\/2023\/02\/1675090657948.jpg?w=1920 1920w\" sizes=\"(max-width: 640px) 100vw, 640px\" data-recalc-dims=\"1\" \/><\/a><a href=\"https:\/\/i0.wp.com\/szpitalpinczow.pl\/wp-content\/uploads\/2023\/02\/1675090655675.jpg\"><img data-attachment-id=\"1071\" data-permalink=\"http:\/\/szpitalpinczow.pl\/?attachment_id=1071\" data-orig-file=\"https:\/\/i0.wp.com\/szpitalpinczow.pl\/wp-content\/uploads\/2023\/02\/1675090655675.jpg?fit=4624%2C3472\" data-orig-size=\"4624,3472\" data-comments-opened=\"1\" data-image-meta=\"{&quot;aperture&quot;:&quot;0&quot;,&quot;credit&quot;:&quot;&quot;,&quot;camera&quot;:&quot;&quot;,&quot;caption&quot;:&quot;&quot;,&quot;created_timestamp&quot;:&quot;0&quot;,&quot;copyright&quot;:&quot;&quot;,&quot;focal_length&quot;:&quot;0&quot;,&quot;iso&quot;:&quot;0&quot;,&quot;shutter_speed&quot;:&quot;0&quot;,&quot;title&quot;:&quot;&quot;,&quot;orientation&quot;:&quot;1&quot;}\" data-image-title=\"1675090655675\" data-image-description=\"\" data-medium-file=\"https:\/\/i0.wp.com\/szpitalpinczow.pl\/wp-content\/uploads\/2023\/02\/1675090655675.jpg?fit=300%2C225\" data-large-file=\"https:\/\/i0.wp.com\/szpitalpinczow.pl\/wp-content\/uploads\/2023\/02\/1675090655675.jpg?fit=640%2C481\" decoding=\"async\" loading=\"lazy\" class=\"alignnone size-full wp-image-1071\" src=\"https:\/\/i0.wp.com\/szpitalpinczow.pl\/wp-content\/uploads\/2023\/02\/1675090655675.jpg?resize=640%2C481\" alt=\"\" width=\"640\" height=\"481\" srcset=\"https:\/\/i0.wp.com\/szpitalpinczow.pl\/wp-content\/uploads\/2023\/02\/1675090655675.jpg?w=4624 4624w, https:\/\/i0.wp.com\/szpitalpinczow.pl\/wp-content\/uploads\/2023\/02\/1675090655675.jpg?resize=300%2C225 300w, https:\/\/i0.wp.com\/szpitalpinczow.pl\/wp-content\/uploads\/2023\/02\/1675090655675.jpg?resize=768%2C577 768w, https:\/\/i0.wp.com\/szpitalpinczow.pl\/wp-content\/uploads\/2023\/02\/1675090655675.jpg?resize=1024%2C769 1024w, https:\/\/i0.wp.com\/szpitalpinczow.pl\/wp-content\/uploads\/2023\/02\/1675090655675.jpg?resize=360%2C270 360w, https:\/\/i0.wp.com\/szpitalpinczow.pl\/wp-content\/uploads\/2023\/02\/1675090655675.jpg?w=1280 1280w, https:\/\/i0.wp.com\/szpitalpinczow.pl\/wp-content\/uploads\/2023\/02\/1675090655675.jpg?w=1920 1920w\" sizes=\"(max-width: 640px) 100vw, 640px\" data-recalc-dims=\"1\" \/><\/a><a href=\"https:\/\/i2.wp.com\/szpitalpinczow.pl\/wp-content\/uploads\/2023\/02\/1675090658226.jpg\"><img data-attachment-id=\"1078\" data-permalink=\"http:\/\/szpitalpinczow.pl\/?attachment_id=1078\" data-orig-file=\"https:\/\/i2.wp.com\/szpitalpinczow.pl\/wp-content\/uploads\/2023\/02\/1675090658226.jpg?fit=4624%2C3472\" data-orig-size=\"4624,3472\" data-comments-opened=\"1\" data-image-meta=\"{&quot;aperture&quot;:&quot;0&quot;,&quot;credit&quot;:&quot;&quot;,&quot;camera&quot;:&quot;&quot;,&quot;caption&quot;:&quot;&quot;,&quot;created_timestamp&quot;:&quot;0&quot;,&quot;copyright&quot;:&quot;&quot;,&quot;focal_length&quot;:&quot;0&quot;,&quot;iso&quot;:&quot;0&quot;,&quot;shutter_speed&quot;:&quot;0&quot;,&quot;title&quot;:&quot;&quot;,&quot;orientation&quot;:&quot;1&quot;}\" data-image-title=\"1675090658226\" data-image-description=\"\" data-medium-file=\"https:\/\/i2.wp.com\/szpitalpinczow.pl\/wp-content\/uploads\/2023\/02\/1675090658226.jpg?fit=300%2C225\" data-large-file=\"https:\/\/i2.wp.com\/szpitalpinczow.pl\/wp-content\/uploads\/2023\/02\/1675090658226.jpg?fit=640%2C481\" decoding=\"async\" loading=\"lazy\" class=\"alignnone size-full wp-image-1078\" src=\"https:\/\/i2.wp.com\/szpitalpinczow.pl\/wp-content\/uploads\/2023\/02\/1675090658226.jpg?resize=640%2C481\" alt=\"\" width=\"640\" height=\"481\" srcset=\"https:\/\/i2.wp.com\/szpitalpinczow.pl\/wp-content\/uploads\/2023\/02\/1675090658226.jpg?w=4624 4624w, https:\/\/i2.wp.com\/szpitalpinczow.pl\/wp-content\/uploads\/2023\/02\/1675090658226.jpg?resize=300%2C225 300w, https:\/\/i2.wp.com\/szpitalpinczow.pl\/wp-content\/uploads\/2023\/02\/1675090658226.jpg?resize=768%2C577 768w, https:\/\/i2.wp.com\/szpitalpinczow.pl\/wp-content\/uploads\/2023\/02\/1675090658226.jpg?resize=1024%2C769 1024w, https:\/\/i2.wp.com\/szpitalpinczow.pl\/wp-content\/uploads\/2023\/02\/1675090658226.jpg?resize=360%2C270 360w, https:\/\/i2.wp.com\/szpitalpinczow.pl\/wp-content\/uploads\/2023\/02\/1675090658226.jpg?w=1280 1280w, https:\/\/i2.wp.com\/szpitalpinczow.pl\/wp-content\/uploads\/2023\/02\/1675090658226.jpg?w=1920 1920w\" sizes=\"(max-width: 640px) 100vw, 640px\" data-recalc-dims=\"1\" \/><\/a><\/div>\n<\/div>\n","protected":false},"excerpt":{"rendered":"<p>Dnia 30 stycznia 2023 r. odby\u0142o si\u0119 spotkanie z Wojewod\u0105 \u015awi\u0119tokrzyskim Zbigniewem Koniuszem w celu podsumowania inwestycji w Zespole Opieki Zdrowotnej w Pi\u0144czowie w 2022 roku. W spotkaniu uczestniczyli: Starosta Pi\u0144czowski Zbigniew Kierkowski, cz\u0142onkowie Rady Spo\u0142ecznej, cz\u0142onkowie Komisji Zdrowia oraz&hellip;&nbsp;<a href=\"http:\/\/szpitalpinczow.pl\/?page_id=1067\" class=\"more-link\">Read More<\/a><\/p>\n","protected":false},"author":1,"featured_media":0,"parent":0,"menu_order":0,"comment_status":"closed","ping_status":"closed","template":"","meta":[],"_links":{"self":[{"href":"http:\/\/szpitalpinczow.pl\/index.php?rest_route=\/wp\/v2\/pages\/1067"}],"collection":[{"href":"http:\/\/szpitalpinczow.pl\/index.php?rest_route=\/wp\/v2\/pages"}],"about":[{"href":"http:\/\/szpitalpinczow.pl\/index.php?rest_route=\/wp\/v2\/types\/page"}],"author":[{"embeddable":true,"href":"http:\/\/szpitalpinczow.pl\/index.php?rest_route=\/wp\/v2\/users\/1"}],"replies":[{"embeddable":true,"href":"http:\/\/szpitalpinczow.pl\/index.php?rest_route=%2Fwp%2Fv2%2Fcomments&post=1067"}],"version-history":[{"count":2,"href":"http:\/\/szpitalpinczow.pl\/index.php?rest_route=\/wp\/v2\/pages\/1067\/revisions"}],"predecessor-version":[{"id":1084,"href":"http:\/\/szpitalpinczow.pl\/index.php?rest_route=\/wp\/v2\/pages\/1067\/revisions\/1084"}],"wp:attachment":[{"href":"http:\/\/szpitalpinczow.pl\/index.php?rest_route=%2Fwp%2Fv2%2Fmedia&parent=1067"}],"curies":[{"name":"wp","href":"https:\/\/api.w.org\/{rel}","templated":true}]}}